{"id":3782,"date":"2017-05-03T14:57:53","date_gmt":"2017-05-03T12:57:53","guid":{"rendered":"http:\/\/www.post-co.com\/?page_id=3782\/"},"modified":"2025-08-08T14:08:30","modified_gmt":"2025-08-08T12:08:30","slug":"over-ons","status":"publish","type":"page","link":"https:\/\/www.post-co.com\/nl\/over-ons\/","title":{"rendered":"Over ons"},"content":{"rendered":"<p>[vc_row][vc_column][vc_column_text]<\/p>\n<h1 style=\"text-align: left;\">Over\u00a0Post &amp; Co<\/h1>\n<p>[\/vc_column_text][\/vc_column][\/vc_row][vc_row css=&#8221;.vc_custom_1493374228024{margin-top: 30px !important;padding-bottom: 100px !important;}&#8221;][vc_column width=&#8221;1\/2&#8243;][vc_column_text]Post &amp; Co is de onafhankelijke partner voor maritieme aansprakelijkheid en logistieke verzekeringen voor alle spelers in de logistieke keten, zoals scheepseigenaren en bevrachters,\u00a0 terminal en transportoperateurs, NVOCC\u2019s,\u00a0 transportbemiddelaars en havenautoriteiten.<\/p>\n<p>Als \u00e9\u00e9n van de weinige onafhankelijke P&amp;I specialisten ter wereld stellen wij ons zelf tot taak alle bovengenoemde bedrijven en hun verzekeringsmakelaars te adviseren bij het uitonderhandelen van de best mogelijke verzekeringsvoorwaarden.<\/p>\n<p>Onze focus richt zich op onze klanten. Wij maken het verschil door onze klanten een onge\u00ebvenaarde service en innovatieve kwaliteitsproducten aan te bieden middels ons unieke team van specialisten.[\/vc_column_text][\/vc_column][vc_column width=&#8221;1\/2&#8243;][vc_column_text]<\/p>\n<div class=\"entry-content\">\n<p>Wij zijn er trots op persoonlijke aandacht te schenken aan de verzekeringsbehoeften van onze klanten door een volledig dienstverleningsnetwerk aan te bieden. Het merendeel van onze medewerkers heeft uitgebreide ervaring in de scheepvaart, hetgeen garant staat voor een praktische en professionele aanpak en op maat gesneden oplossingen.<\/p>\n<p>Onze kantoren zijn gevestigd in Rotterdam, Antwerpen en Frankfurt. Wij opereren op een wereldwijde schaal in de internationale scheepvaartwereld.<\/p>\n<\/div>\n<p>[\/vc_column_text][\/vc_column][\/vc_row][vc_row full_width=&#8221;stretch_row_content&#8221; equal_height=&#8221;yes&#8221; content_placement=&#8221;middle&#8221; css=&#8221;.vc_custom_1493388607854{padding-top: 30px !important;padding-bottom: 90px !important;background-image: url(http:\/\/www.post-co.com\/wp-content\/uploads\/2017\/04\/Between_1.jpg?id=3113) !important;}&#8221;][vc_column width=&#8221;1\/3&#8243;][vc_custom_heading text=&#8221;Neem hier contact met ons op&#8221; font_container=&#8221;tag:p|font_size:24px|text_align:center|color:%23ffffff&#8221; use_theme_fonts=&#8221;yes&#8221; css_animation=&#8221;fadeInDown&#8221;][vc_empty_space height=&#8221;15px&#8221;][\/vc_column][vc_column width=&#8221;2\/3&#8243;][vc_column_text]<\/p>\n<p style=\"text-align: center; color: #ffffff; font-size: 48px; line-height: 50px;\">Claims<\/p>\n<p>[\/vc_column_text][vc_separator color=&#8221;custom&#8221; el_width=&#8221;60&#8243; css=&#8221;.vc_custom_1493724866089{margin-top: 30px !important;margin-bottom: 10px !important;}&#8221; accent_color=&#8221;#dc0909&#8243;][vc_column_text css=&#8221;.vc_custom_1493816771525{margin-bottom: 30px !important;}&#8221;]<\/p>\n<h3 style=\"text-align: center;\"><span style=\"color: #ffffff;\">Wij hebben mariners, taxateurs, advocaten en scheepsspecialisten<\/span><\/h3>\n<p>[\/vc_column_text][vc_custom_heading text=&#8221;ge\u00efnteresseerd in wat wat voor uw bedrijf kunnen betekenen? Neem contact op!&#8221; font_container=&#8221;tag:p|font_size:16px|text_align:center|color:%23c6ccd0&#8243; google_fonts=&#8221;font_family:Roboto%3A100%2C100italic%2C300%2C300italic%2Cregular%2Citalic%2C500%2C500italic%2C700%2C700italic%2C900%2C900italic|font_style:500%20bold%20regular%3A500%3Anormal&#8221;][\/vc_column][\/vc_row][vc_row css=&#8221;.vc_custom_1493391254075{padding-bottom: 50px !important;}&#8221;][vc_column css=&#8221;.vc_custom_1493196123144{margin-top: 50px !important;}&#8221;][vc_column_text]<\/p>\n<h2 style=\"text-align: left;\">Onze geschiedenis<\/h2>\n<p>[\/vc_column_text][vc_column_text css=&#8221;.vc_custom_1754654697237{margin-top: 20px !important;}&#8221;]<strong>1918 &#8211; 1956<\/strong><\/p>\n<p>In 1918 verhuisde Dhr. Jacs\u00a0 Post jr. naar Groningen, teneinde namens een Amsterdamse verzekeraarsfamilie een verzekeringsagentschap te beginnen. Op zijn 19de stichtte hij het Noordelijk Assurantie-kantoor (NASK) om het bedrijfsleven in het noorden van Nederland eenvoudiger toegang te geven.<\/p>\n<p>In 1941 stichtte hij een nieuw bedrijf onder de naam Jacs Post Jr. en Co. Alle activiteiten met betrekking tot P&amp;I schadebehandeling alsmede volmachten werden overgeplaatst en samengebracht in dit bedrijf.<\/p>\n<p><strong>1956 &#8211; 1960<\/strong><\/p>\n<p>Net voordat de stichter van het bedrijf in 1956 overleed, nam de tweede generatie het directeurschap over van alle bedrijven. Sibbert Tj. Post reorganiseerde het bedrijf en besloot diverse activiteiten te verkopen en zich te concentreren op de twee kantoren van NASK in Rotterdam en Groningen, nauw gerelateerd aan wat tegenwoordig Post &amp; Co (P&amp;I) B.V. is.<\/p>\n<p><strong>1960 &#8211; 1970\u00a0 <\/strong><\/p>\n<p>Tijdens de voorspoedige jaren 60 en 70 nam alleen het aantal werknemers van NASK al toe tot 140. De derde generatie Post begon in het familiebedrijf in 1967 en na een korte periode werd de focus van het bedrijf gericht op Post &amp; Co (P&amp;I).<\/p>\n<p><strong>1977 &#8211; 1999 <\/strong><\/p>\n<div class=\"clearfix\">\n<p>In 1977 werd besloten de activiteiten van de verschillende bedrijven te splitsen, waarbij Post &amp; Co alle P&amp;I activiteiten overnam. Dit was een belangrijke stap richting het huidige bedrijf. De tweede generatie (Sibbert Tj. Post) ging met pensioen in 1982 en de derde generatie in de naam van Jack Post zette het bedrijf voort.<\/p>\n<p><strong>1999 &#8211; vandaag<br \/>\n<\/strong><br \/>\nIn 1999 kwam de vierde generatie in het bedrijf toen Roderick Post bij de organisatie kwam. Vanaf 2005 is Roderick de directeur van het bedrijf, die een sterke familietraditie voortzet en het bedrijf naar de 21ste eeuw doorvoert.<\/p>\n<\/div>\n<p>[\/vc_column_text][\/vc_column][\/vc_row][vc_row][vc_column][vc_separator][\/vc_column][\/vc_row][vc_row][vc_column width=&#8221;1\/2&#8243;][vc_column_text css=&#8221;.vc_custom_1493816069198{margin-top: 50px !important;}&#8221;]<\/p>\n<h2 style=\"text-align: left;\">Sponsoring &amp; Support<\/h2>\n<p>&nbsp;<\/p>\n<p>Sinds de oprichting van het bedrijf heeft Post &amp; Co altijd zijn maatschappelijke verantwoordelijkheid genomen. Dit uit zich in het sponsoren van en doneren aan diverse charitatieve en culturele initiatieven. Alle generaties Post hebben hun eigen persoonlijke projecten gekozen. Veel projecten zijn derhalve vele jaren ondersteund.[\/vc_column_text][\/vc_column][vc_column width=&#8221;1\/2&#8243;][\/vc_column][\/vc_row][vc_row css=&#8221;.vc_custom_1493199098235{margin-top: 30px !important;}&#8221;][vc_column width=&#8221;1\/2&#8243;][vc_column_text]<div class=\"slz_shortcode col-2-shortcode sc_accordion accordion-75063221369e5b5d80a562 \"><div id=\"accordion-75063221369e5b5d80a562\" role=\"tablist\" aria-multiselectable=\"true\" class=\"slz-accordion-group\"><div class=\"accordion-panel panel\">\n\t\t\t\t\t\t<div id=\"heading-1-75063221369e5b5d80a562\" role=\"tab\" class=\"panel-heading  active_panel\">\n\t\t\t\t\t\t\t<a role=\"button\" data-toggle=\"collapse\" data-parent=\"#accordion-75063221369e5b5d80a562\" href=\"#collapse-1-75063221369e5b5d80a562\" aria-expanded=\"false\" aria-controls=\"collapse-1-75063221369e5b5d80a562\" class=\"collapsed check-data-collapsed\">\n\t\t\t\t\t\t\t\t<i class=\"icon-plus accordion-icon\"><\/i>\n\t\t\t\t\t\t\t\t<span>Wij maken onze keuzes op basis van de volgende criteria<\/span>\n\t\t\t\t\t\t\t<\/a>\n\t\t\t\t\t\t<\/div>\n\t\t\t\t\t\n\t\t\t\t\t\t<div id=\"collapse-1-75063221369e5b5d80a562\" role=\"tabpanel\" aria-labelledby=\"heading-1-75063221369e5b5d80a562\" class=\"panel-collapse collapse \">\n\t\t\t\t\t\t\t<div class=\"panel-body\">\u2022 Ontwikkeling van, onderwijs aan en ondersteuning van kinderen.<br \/>\n\u2022 Raakvlakken met Post &amp; Co (scheepvaart en de stad Rotterdam).<br \/>\n\u2022 Transparantie van de financi\u00eble verantwoordelijkheid van het project.<br \/>\n<\/div>\n\t\t\t\t\t\t<\/div>\n\t\t\t\t\t<\/div><div class=\"accordion-panel panel\">\n\t\t\t\t\t\t<div id=\"heading-2-75063221369e5b5d80a562\" role=\"tab\" class=\"panel-heading  \">\n\t\t\t\t\t\t\t<a role=\"button\" data-toggle=\"collapse\" data-parent=\"#accordion-75063221369e5b5d80a562\" href=\"#collapse-2-75063221369e5b5d80a562\" aria-expanded=\"false\" aria-controls=\"collapse-2-75063221369e5b5d80a562\" class=\"collapsed check-data-collapsed\">\n\t\t\t\t\t\t\t\t<i class=\"icon-plus accordion-icon\"><\/i>\n\t\t\t\t\t\t\t\t<span>De volgende organisaties worden door Post &amp; Co ondersteund<\/span>\n\t\t\t\t\t\t\t<\/a>\n\t\t\t\t\t\t<\/div>\n\t\t\t\t\t\n\t\t\t\t\t\t<div id=\"collapse-2-75063221369e5b5d80a562\" role=\"tabpanel\" aria-labelledby=\"heading-2-75063221369e5b5d80a562\" class=\"panel-collapse collapse \">\n\t\t\t\t\t\t\t<div class=\"panel-body\">\u2022 Stichting Breath: Stichting die straatkinderen in Roemeni\u00eb, Georgi\u00eb en Oekra\u00efne ondersteunt (www.stichtingbreath.nl).<br \/>\n\u2022 Stichting Nationaal Kamp Schipperskinderen: Stichting die kampen voor kinderen van binnnenvaart families organiseert (www.nationaalkamp.nl).<br \/>\n\u2022 Koninklijke Nederlandse Reddings Maatschappij (www.knrm.nl).<br \/>\n\u2022 Sail Training Association Nederland: organisatie die kinderen stimuleert om een maritieme opleiding te kiezen (www.sailtraininginternational.org).<br \/>\n\u2022 Verschillende stichtingen voor het behoud van cultureel erfgoed, allen gerelateerd aan de scheepvaart.<br \/>\n<\/div>\n\t\t\t\t\t\t<\/div>\n\t\t\t\t\t<\/div><div class=\"accordion-panel panel\">\n\t\t\t\t\t\t<div id=\"heading-3-75063221369e5b5d80a562\" role=\"tab\" class=\"panel-heading  \">\n\t\t\t\t\t\t\t<a role=\"button\" data-toggle=\"collapse\" data-parent=\"#accordion-75063221369e5b5d80a562\" href=\"#collapse-3-75063221369e5b5d80a562\" aria-expanded=\"false\" aria-controls=\"collapse-3-75063221369e5b5d80a562\" class=\"collapsed check-data-collapsed\">\n\t\t\t\t\t\t\t\t<i class=\"icon-plus accordion-icon\"><\/i>\n\t\t\t\t\t\t\t\t<span>Post &amp; Co Rotterdam is betrokken bij diverse specifieke Rotterdamse aangelegenheden zoals<\/span>\n\t\t\t\t\t\t\t<\/a>\n\t\t\t\t\t\t<\/div>\n\t\t\t\t\t\n\t\t\t\t\t\t<div id=\"collapse-3-75063221369e5b5d80a562\" role=\"tabpanel\" aria-labelledby=\"heading-3-75063221369e5b5d80a562\" class=\"panel-collapse collapse \">\n\t\t\t\t\t\t\t<div class=\"panel-body\">\u2022 De \u201cRotterdam Promotion Award\u201d.<br \/>\n\u2022 De Rotterdam Zoo \u201cDiergaarde Blijdorp\u201d (www.rotterdamzoo.nl).<br \/>\n\u2022 CHIO Rotterdam: Concours Hippique International Officiel (www.chio.nl).<br \/>\n\u2022 Stichting Bowi (www.stichtingbowi.nl).<br \/>\n<\/div>\n\t\t\t\t\t\t<\/div>\n\t\t\t\t\t<\/div><\/div><\/div>[\/vc_column_text][\/vc_column][vc_column width=&#8221;1\/2&#8243;][vc_single_image image=&#8221;2237&#8243; img_size=&#8221;large&#8221;][\/vc_column][\/vc_row]<\/p>\n","protected":false},"excerpt":{"rendered":"<p>[vc_row][vc_column][vc_column_text] Over\u00a0Post &amp; Co [\/vc_column_text][\/vc_column][\/vc_row][vc_row css=&#8221;.vc_custom_1493374228024{margin-top: 30px !important;padding-bottom: 100px !important;}&#8221;][vc_column width=&#8221;1\/2&#8243;][vc_column_text]Post &amp; Co is de onafhankelijke partner voor maritieme aansprakelijkheid en logistieke verzekeringen voor alle spelers in de logistieke keten, zoals scheepseigenaren en bevrachters,\u00a0 terminal en transportoperateurs, NVOCC\u2019s,\u00a0 transportbemiddelaars en havenautoriteiten. Als \u00e9\u00e9n van de weinige onafhankelijke P&amp;I specialisten ter wereld stellen wij ons zelf [&hellip;]<\/p>\n","protected":false},"author":1,"featured_media":0,"parent":0,"menu_order":0,"comment_status":"closed","ping_status":"closed","template":"","meta":{"footnotes":""},"class_list":["post-3782","page","type-page","status-publish","hentry"],"_links":{"self":[{"href":"https:\/\/www.post-co.com\/nl\/wp-json\/wp\/v2\/pages\/3782","targetHints":{"allow":["GET"]}}],"collection":[{"href":"https:\/\/www.post-co.com\/nl\/wp-json\/wp\/v2\/pages"}],"about":[{"href":"https:\/\/www.post-co.com\/nl\/wp-json\/wp\/v2\/types\/page"}],"author":[{"embeddable":true,"href":"https:\/\/www.post-co.com\/nl\/wp-json\/wp\/v2\/users\/1"}],"replies":[{"embeddable":true,"href":"https:\/\/www.post-co.com\/nl\/wp-json\/wp\/v2\/comments?post=3782"}],"version-history":[{"count":17,"href":"https:\/\/www.post-co.com\/nl\/wp-json\/wp\/v2\/pages\/3782\/revisions"}],"predecessor-version":[{"id":6887,"href":"https:\/\/www.post-co.com\/nl\/wp-json\/wp\/v2\/pages\/3782\/revisions\/6887"}],"wp:attachment":[{"href":"https:\/\/www.post-co.com\/nl\/wp-json\/wp\/v2\/media?parent=3782"}],"curies":[{"name":"wp","href":"https:\/\/api.w.org\/{rel}","templated":true}]}}