{"id":4168,"date":"2017-07-27T12:26:32","date_gmt":"2017-07-27T10:26:32","guid":{"rendered":"http:\/\/www.post-co.com\/branchen\/re-insurance\/"},"modified":"2017-07-27T13:48:39","modified_gmt":"2017-07-27T11:48:39","slug":"ruckversicherung","status":"publish","type":"page","link":"https:\/\/www.post-co.com\/de\/branchen\/ruckversicherung\/","title":{"rendered":"R\u00fcckversicherung"},"content":{"rendered":"<p>[vc_row][vc_column][vc_column_text]<\/p>\n<div class=\"wpb_text_column wpb_content_element \">\n<div class=\"wpb_wrapper\">\n<h2>R\u00fcckversicherung<\/h2>\n<div class=\"entry-content\">\n<p>Unser enger Kontakt zum Transporthaftpflichtmarkt \u2013 einschlie\u00dflich zu P&amp;I Clubs und Lloyd\u2019s \u2013 hat dazu gef\u00fchrt, dass uns Kunden die Platzierung ihrer R\u00fcckversicherung anvertrauen.<\/p>\n<p>Unsere besondere Branchenkenntnis und unsere langj\u00e4hrige Erfahrung haben uns in diesem Bereich einen klaren Wettbewerbsvorteil verschafft.<\/p>\n<p>Die verschiedenen R\u00fcckversicherungsmodelle und \u2013umf\u00e4nge reichen von Standarddeckungen bis hin zu individuellen Platzierungen.<\/p>\n<p>Bitte wenden Sie sich an unser R\u00fcckversicherungsteam f\u00fcr weitere Informationen.<\/p>\n<\/div>\n<\/div>\n<\/div>\n<p>[\/vc_column_text][\/vc_column][\/vc_row]<\/p>\n","protected":false},"excerpt":{"rendered":"<p>[vc_row][vc_column][vc_column_text] R\u00fcckversicherung Unser enger Kontakt zum Transporthaftpflichtmarkt \u2013 einschlie\u00dflich zu P&amp;I Clubs und Lloyd\u2019s \u2013 hat dazu gef\u00fchrt, dass uns Kunden die Platzierung ihrer R\u00fcckversicherung anvertrauen. Unsere besondere Branchenkenntnis und unsere langj\u00e4hrige Erfahrung haben uns in diesem Bereich einen klaren Wettbewerbsvorteil verschafft. Die verschiedenen R\u00fcckversicherungsmodelle und \u2013umf\u00e4nge reichen von Standarddeckungen bis hin zu individuellen Platzierungen. [&hellip;]<\/p>\n","protected":false},"author":1,"featured_media":0,"parent":3771,"menu_order":0,"comment_status":"closed","ping_status":"closed","template":"","meta":{"footnotes":""},"class_list":["post-4168","page","type-page","status-publish","hentry"],"_links":{"self":[{"href":"https:\/\/www.post-co.com\/de\/wp-json\/wp\/v2\/pages\/4168","targetHints":{"allow":["GET"]}}],"collection":[{"href":"https:\/\/www.post-co.com\/de\/wp-json\/wp\/v2\/pages"}],"about":[{"href":"https:\/\/www.post-co.com\/de\/wp-json\/wp\/v2\/types\/page"}],"author":[{"embeddable":true,"href":"https:\/\/www.post-co.com\/de\/wp-json\/wp\/v2\/users\/1"}],"replies":[{"embeddable":true,"href":"https:\/\/www.post-co.com\/de\/wp-json\/wp\/v2\/comments?post=4168"}],"version-history":[{"count":1,"href":"https:\/\/www.post-co.com\/de\/wp-json\/wp\/v2\/pages\/4168\/revisions"}],"predecessor-version":[{"id":4169,"href":"https:\/\/www.post-co.com\/de\/wp-json\/wp\/v2\/pages\/4168\/revisions\/4169"}],"up":[{"embeddable":true,"href":"https:\/\/www.post-co.com\/de\/wp-json\/wp\/v2\/pages\/3771"}],"wp:attachment":[{"href":"https:\/\/www.post-co.com\/de\/wp-json\/wp\/v2\/media?parent=4168"}],"curies":[{"name":"wp","href":"https:\/\/api.w.org\/{rel}","templated":true}]}}