{"id":3846,"date":"2017-05-04T15:01:33","date_gmt":"2017-05-04T13:01:33","guid":{"rendered":"http:\/\/www.post-co.com\/?page_id=3846\/"},"modified":"2017-05-04T15:01:33","modified_gmt":"2017-05-04T13:01:33","slug":"yachten","status":"publish","type":"page","link":"https:\/\/www.post-co.com\/de\/branchen\/yachten\/","title":{"rendered":"Yachten"},"content":{"rendered":"<p>[vc_row][vc_column][vc_column_text]<\/p>\n<h2>Yachten \u2013 Au\u00dfergew\u00f6hnliche Schiffe erfordern au\u00dfergew\u00f6hnliche Versicherungsschutz<\/h2>\n<p>Die Welt der Yachten ist mit allen anderen maritimen Segmenten unvergleichbar. Um das ultimative Erlebnis von Vergn\u00fcgen und Freizeit auf Schiffen mit dem h\u00f6chsten Standard innerhalb jedes Teilsegments des Yacht-Marktes zu schaffen, bedarf es Produkten und Dienstleistungen von h\u00f6chster Qualit\u00e4t.<\/p>\n<p>Da nur die Besten der Besten gut genug sind, bei dem konstanten Strom an neuen Entwicklungen und Anforderungen, einen noch h\u00f6heren Grad an Klasse in allen Bereichen zu erreichen, fordert es das \u00c4u\u00dferste von allen beteiligten Parteien. Es braucht echte Spezialisten mit ma\u00dfgeschneiderten Produkten, die die Bed\u00fcrfnisse jedes einzelnen Yachteigners bedienen.<\/p>\n<p>Wir sind einer dieser Spezialisten, die Yacht-Haftpflichtversicherungen anbieten. Unser Team verf\u00fcgt \u00fcber eine solide Wissensbasis in der Branche, und treibt die kontinuierliche Entwicklung von Produkten und Dienstleistungen mit noch h\u00f6herer Qualit\u00e4t voran, um die wachsenden Anforderungen unserer Kunden zu erf\u00fcllen.<\/p>\n<p>Wir haben ein betr\u00e4chtliches Yacht-Gesch\u00e4ftsfeld aufgebaut, bestehend aus Versicherungen sowohl f\u00fcr kleine Yachten (ohne eingestellte Besatzung) und \u00fcberm\u00e4\u00dfige Yacht-Haftpflichtpakete \u2013 die Bereitstellung von unm\u00e4\u00dfiger Haftpflichtdeckung f\u00fcr Mega- bis zu Superyachten. Heute versichern wir auch professionelle Ozean-Rennyachten.<\/p>\n<p>Wir betreuen Eigent\u00fcmer aller Nationalit\u00e4ten, mit Yachten unter jeder Flagge in der Welt, mit Besatzungen aller Nationalit\u00e4ten, die um den Globus (vom Mittelmeer bis in die Antarktis) navigieren.<\/p>\n<p>Unsere P&amp;I-Policen ber\u00fccksichtigen jede erforderliche Deckungsausweitung, auf das Yachting-Segment zugeschnitten. Wir bieten (Exzess) Deckung f\u00fcr Yachteignerhaftung, Rechtschutz (F.D. &amp; D.), MYBA-Charterausweitungen, \u00dcbergabe-Besatzungversicherung, Erweiterungen der Wassersporthaftpflicht (f\u00fcr grundlegenden Wassersport, Tauchen, Meer-Bobs-Nutzung und Parasegeln), Deckung f\u00fcr Rennen sowie medizinische Pakete f\u00fcr die Besatzung von sowohl privaten als auch kommerziellen Charter-Yachten. Dar\u00fcberhinaus bieten wir Arbeitgeberhaftpflichtversicherungen und Service-Produkte, wie, nicht jedoch darauf beschr\u00e4nkt, Garantien, um ein COFR (Wasserverschmutzung) zu erhalten.<\/p>\n<p>Alle Versicherungen werden bei speziellen Versicherern mit erstklassiger Sicherheit und einem finanziell starken Ergebnis vereinbart, was den breitesten Schutz auf dem Markt mit den h\u00f6chsten Deckungen und einem Grad an Flexibilit\u00e4t sicherstellt und so ma\u00dfgeschneiderte Produkte erm\u00f6glicht. So erm\u00f6glichen wir Eignern, sich auf ihr Hauptziel zu konzentrieren: Die Erschaffung des ultimativen Yachting-Erlebnisses.<\/p>\n<p>Kontaktieren Sie bitte unser Spezialisten Team f\u00fcr Ratschl\u00e4ge zu den Produkten und Dienstleistungen, die wir anbieten k\u00f6nnen.[\/vc_column_text][\/vc_column][\/vc_row][vc_row css=&#8220;.vc_custom_1493218376667{margin-top: 30px !important;}&#8220;][vc_column][vc_column_text]<\/p>\n<h2>Produkte<\/h2>\n<p>[\/vc_column_text][\/vc_column][\/vc_row][vc_row css=&#8220;.vc_custom_1493218421382{margin-top: 20px !important;}&#8220;][vc_column width=&#8220;1\/2&#8243;]<div class=\"slz_shortcode col-2-shortcode sc_accordion accordion-84201063869eb267bbd9b7 \"><div id=\"accordion-84201063869eb267bbd9b7\" role=\"tablist\" aria-multiselectable=\"true\" class=\"slz-accordion-group\"><div class=\"accordion-panel panel\">\n\t\t\t\t\t\t<div id=\"heading-1-84201063869eb267bbd9b7\" role=\"tab\" class=\"panel-heading  active_panel\">\n\t\t\t\t\t\t\t<a role=\"button\" data-toggle=\"collapse\" data-parent=\"#accordion-84201063869eb267bbd9b7\" href=\"#collapse-1-84201063869eb267bbd9b7\" aria-expanded=\"false\" aria-controls=\"collapse-1-84201063869eb267bbd9b7\" class=\"collapsed check-data-collapsed\">\n\t\t\t\t\t\t\t\t<i class=\"icon-plus accordion-icon\"><\/i>\n\t\t\t\t\t\t\t\t<span>P&amp;I Versicherung<\/span>\n\t\t\t\t\t\t\t<\/a>\n\t\t\t\t\t\t<\/div>\n\t\t\t\t\t\n\t\t\t\t\t\t<div id=\"collapse-1-84201063869eb267bbd9b7\" role=\"tabpanel\" aria-labelledby=\"heading-1-84201063869eb267bbd9b7\" class=\"panel-collapse collapse \">\n\t\t\t\t\t\t\t<div class=\"panel-body\">Die P&amp;I Versicherung deckt die Haftung, die aus dem Betrieb des Schiffes entsteht und wurde urspr\u00fcnglich von Schiffseignern gegr\u00fcndet. Abgesehen von dieser Kategorie k\u00f6nnen auch andere Bediener, wie Verwalter und Befrachter gegen solche Risiken gesch\u00fctzt werden.<br \/>\n<br \/>\nDie P&amp;I Versicherung deckt die Haftung des Versicherten bei (aber nicht nur):<br \/>\n\u2022\u00a0Personensch\u00e4den von Besatzung, Passagieren oder anderen an Bord<br \/>\n\u2022 Verlust oder Besch\u00e4digung der Ladung<br \/>\n\u2022\u00a0Verschmutzung<br \/>\n\u2022 Wrackbeseitigung<br \/>\n\u2022\u00a0(Exzess) Kollision mit anderen Schiffen und Objekten<br \/>\n\u2022 Abschleppen<br \/>\n\u2022 Eigentum an Bord<\/div>\n\t\t\t\t\t\t<\/div>\n\t\t\t\t\t<\/div><div class=\"accordion-panel panel\">\n\t\t\t\t\t\t<div id=\"heading-2-84201063869eb267bbd9b7\" role=\"tab\" class=\"panel-heading  \">\n\t\t\t\t\t\t\t<a role=\"button\" data-toggle=\"collapse\" data-parent=\"#accordion-84201063869eb267bbd9b7\" href=\"#collapse-2-84201063869eb267bbd9b7\" aria-expanded=\"false\" aria-controls=\"collapse-2-84201063869eb267bbd9b7\" class=\"collapsed check-data-collapsed\">\n\t\t\t\t\t\t\t\t<i class=\"icon-plus accordion-icon\"><\/i>\n\t\t\t\t\t\t\t\t<span>Rechtsschutz Versicherung<\/span>\n\t\t\t\t\t\t\t<\/a>\n\t\t\t\t\t\t<\/div>\n\t\t\t\t\t\n\t\t\t\t\t\t<div id=\"collapse-2-84201063869eb267bbd9b7\" role=\"tabpanel\" aria-labelledby=\"heading-2-84201063869eb267bbd9b7\" class=\"panel-collapse collapse \">\n\t\t\t\t\t\t\t<div class=\"panel-body\">Diese Rechtsschutzversicherung deckt die Rechtskosten der Versicherten bei Streitigkeiten, die nicht von der P&amp;I-Versicherung gedeckt werden. Das k\u00f6nnen Rechtsstreite bez\u00fcglich Chartervertr\u00e4gen, Frachtdokumenten, Transportvertr\u00e4gen und Streitigkeiten bez\u00fcglich der Liegegeb\u00fchr, Frachtkosten usw. sein. Die Versicherung deckt die Rechtskosten bei diesen Verfahren, nicht den tats\u00e4chlich strittigen Betrag.<\/div>\n\t\t\t\t\t\t<\/div>\n\t\t\t\t\t<\/div><div class=\"accordion-panel panel\">\n\t\t\t\t\t\t<div id=\"heading-3-84201063869eb267bbd9b7\" role=\"tab\" class=\"panel-heading  \">\n\t\t\t\t\t\t\t<a role=\"button\" data-toggle=\"collapse\" data-parent=\"#accordion-84201063869eb267bbd9b7\" href=\"#collapse-3-84201063869eb267bbd9b7\" aria-expanded=\"false\" aria-controls=\"collapse-3-84201063869eb267bbd9b7\" class=\"collapsed check-data-collapsed\">\n\t\t\t\t\t\t\t\t<i class=\"icon-plus accordion-icon\"><\/i>\n\t\t\t\t\t\t\t\t<span>Besatzungsmitglieder<\/span>\n\t\t\t\t\t\t\t<\/a>\n\t\t\t\t\t\t<\/div>\n\t\t\t\t\t\n\t\t\t\t\t\t<div id=\"collapse-3-84201063869eb267bbd9b7\" role=\"tabpanel\" aria-labelledby=\"heading-3-84201063869eb267bbd9b7\" class=\"panel-collapse collapse \">\n\t\t\t\t\t\t\t<div class=\"panel-body\">Bitte kontaktieren Sie uns f\u00fcr weitere Informationen oder ein Angebot.<br \/>\n<\/div>\n\t\t\t\t\t\t<\/div>\n\t\t\t\t\t<\/div><div class=\"accordion-panel panel\">\n\t\t\t\t\t\t<div id=\"heading-4-84201063869eb267bbd9b7\" role=\"tab\" class=\"panel-heading  \">\n\t\t\t\t\t\t\t<a role=\"button\" data-toggle=\"collapse\" data-parent=\"#accordion-84201063869eb267bbd9b7\" href=\"#collapse-4-84201063869eb267bbd9b7\" aria-expanded=\"false\" aria-controls=\"collapse-4-84201063869eb267bbd9b7\" class=\"collapsed check-data-collapsed\">\n\t\t\t\t\t\t\t\t<i class=\"icon-plus accordion-icon\"><\/i>\n\t\t\t\t\t\t\t\t<span>Kosten f\u00fcr medizinische Versorgung<\/span>\n\t\t\t\t\t\t\t<\/a>\n\t\t\t\t\t\t<\/div>\n\t\t\t\t\t\n\t\t\t\t\t\t<div id=\"collapse-4-84201063869eb267bbd9b7\" role=\"tabpanel\" aria-labelledby=\"heading-4-84201063869eb267bbd9b7\" class=\"panel-collapse collapse \">\n\t\t\t\t\t\t\t<div class=\"panel-body\">Bitte kontaktieren Sie uns f\u00fcr weitere Informationen oder ein Angebot.<br \/>\n<\/div>\n\t\t\t\t\t\t<\/div>\n\t\t\t\t\t<\/div><\/div><\/div>[\/vc_column][vc_column width=&#8220;1\/2&#8243;]<div class=\"slz_shortcode col-2-shortcode sc_accordion accordion-60973562169eb267bbe1c6 \"><div id=\"accordion-60973562169eb267bbe1c6\" role=\"tablist\" aria-multiselectable=\"true\" class=\"slz-accordion-group\"><div class=\"accordion-panel panel\">\n\t\t\t\t\t\t<div id=\"heading-1-60973562169eb267bbe1c6\" role=\"tab\" class=\"panel-heading  active_panel\">\n\t\t\t\t\t\t\t<a role=\"button\" data-toggle=\"collapse\" data-parent=\"#accordion-60973562169eb267bbe1c6\" href=\"#collapse-1-60973562169eb267bbe1c6\" aria-expanded=\"false\" aria-controls=\"collapse-1-60973562169eb267bbe1c6\" class=\"collapsed check-data-collapsed\">\n\t\t\t\t\t\t\t\t<i class=\"icon-plus accordion-icon\"><\/i>\n\t\t\t\t\t\t\t\t<span>Kriegs und Streik Risiken<\/span>\n\t\t\t\t\t\t\t<\/a>\n\t\t\t\t\t\t<\/div>\n\t\t\t\t\t\n\t\t\t\t\t\t<div id=\"collapse-1-60973562169eb267bbe1c6\" role=\"tabpanel\" aria-labelledby=\"heading-1-60973562169eb267bbe1c6\" class=\"panel-collapse collapse \">\n\t\t\t\t\t\t\t<div class=\"panel-body\">Die Versicherung zu Kriegs- &amp; Streik-Risiken deckt grunds\u00e4tzlich k\u00f6rperliche Sch\u00e4den und\/oder Zerst\u00f6rung eines Schiffes verursacht durch oder aufgrund von kriegs\u00e4hnliche Handlungen wie, aber nicht darauf beschr\u00e4nkt, Krieg, B\u00fcrgerkrieg, Revolution, Rebellion, Gefangennahme, Beschlagnahmung, Unruhen, zivilen Unruhen, Konfiszierung, Piraterie, Minen, Torpedos oder anderen zur\u00fcckgelassenen Kriegswaffen usw.. Klausen zu Kriegs- &amp; Streik-Risiken schlie\u00dfen jedoch Entf\u00fchrung &amp; L\u00f6segeld aus, die unter einer K&amp;R-Police gedeckt werden k\u00f6nnen.<br \/>\nDie Versicherung gegen Kriegs- &amp; Streik-Risiken ist eine separate Police und findet ihren Ursprung in der Versicherungsklasse F.C. &amp; S. (Free from Capture and Seizure \u2013 frei von Aufbringung und Beschlagnahme) und den Kriegs- &amp; Streik-bezogenen Auschlie\u00dfungen in den Rumpf- &amp; Maschinen-Policen.<br \/>\nPiraterie ist heute eine der ersten Gefahren die aufkommt, wenn es um die Deckung von Kriegs- und Streik-Risiken geht. Und obwohl Piraterie in der Tat noch immer als eine benannte Gefahr in den verschiedenen Kasko- &amp; Maschinen-Policen erw\u00e4hnt wird, wurde in der Praxis das Risiko der Piraterie.<br \/>\nWeiter sei darauf hingewiesen, dass die Deckung ausgedehnt werden kann, um P&amp;I (einschlie\u00dflich Crew) sowie War Loss of Hire (Verlust von Einnahmen durch Krieg) einzuschlie\u00dfen. Der P&amp;I-Aspekt und vor allem die Besatzungs-Erweiterung ist von Bedeutung. Die \u00fcberwiegende Mehrheit der P&amp;I-Versicherer, die Kriegs-P&amp;I-Deckung \u00fcber den Kasko- &amp; Maschinenwert hinaus anbieten, sehen diese als unter den Kriegs- &amp; Streik-Risiken versichert an. Das Nicht-bewirken einer P&amp;I-Kriegserweiterung kann als solche schwerwiegende finanzielle Folgen haben.<br \/>\nEs gibt Handelsgebietsbegrenzungen in Form von Navigationseinschr\u00e4nkungen nach dem \u201cHull War, Strikes, Terrorism and Related Perils\u201d-Erlass (JW2005\/001A), datiert vom 20. Juni 2005, in Verbindung mit der aktuellen Liste der Gebiete von Bekannten Erweiterten Risiken (Perceived Enhanced Risk \u2013 aufgef\u00fchrte Gebiete), die von Zeit zu Zeit vom Joint War Committee in London (Kriegsausschuss) ver\u00f6ffentlicht werden kann. Tats\u00e4chlich schlie\u00dft dies die Deckung f\u00fcr Schiffe aus, die in Gebieten fahren, f\u00fcr die eine separate Deckung zu besonderen Konditionen abzuschlie\u00dfen ist.<br \/>\nWir k\u00f6nnen bei der M\u00f6glichkeit von Versicherungen gegen Kriegs- &amp; Streik-Risiken und bei allen relevanten Erweiterungen helfen, wenn n\u00f6tig.<\/div>\n\t\t\t\t\t\t<\/div>\n\t\t\t\t\t<\/div><div class=\"accordion-panel panel\">\n\t\t\t\t\t\t<div id=\"heading-2-60973562169eb267bbe1c6\" role=\"tab\" class=\"panel-heading  \">\n\t\t\t\t\t\t\t<a role=\"button\" data-toggle=\"collapse\" data-parent=\"#accordion-60973562169eb267bbe1c6\" href=\"#collapse-2-60973562169eb267bbe1c6\" aria-expanded=\"false\" aria-controls=\"collapse-2-60973562169eb267bbe1c6\" class=\"collapsed check-data-collapsed\">\n\t\t\t\t\t\t\t\t<i class=\"icon-plus accordion-icon\"><\/i>\n\t\t\t\t\t\t\t\t<span>Certificate of Financial Responsibility (Wasserverschmutzung)-COFR<\/span>\n\t\t\t\t\t\t\t<\/a>\n\t\t\t\t\t\t<\/div>\n\t\t\t\t\t\n\t\t\t\t\t\t<div id=\"collapse-2-60973562169eb267bbe1c6\" role=\"tabpanel\" aria-labelledby=\"heading-2-60973562169eb267bbe1c6\" class=\"panel-collapse collapse \">\n\t\t\t\t\t\t\t<div class=\"panel-body\">Seit vielen Jahren unterst\u00fctzen wir Schiffsbediener nun schon bei der Erlangung eines COFR, wo es ben\u00f6tigt wird. Zu diesem Zweck haben wir gute Verbindungen mit den verschiedenen Marktbeteiligten, sowie der U.S. Coast Guard (K\u00fcstenwache) aufgebaut.<br \/>\n<br \/>\nWelche Schiffe ben\u00f6tigen ein COFR?<br \/>\nSchiffe mit 300 BRZ und mehr, m\u00fcssen ein g\u00fcltiges Zertifikat \u00fcber die finanzielle Verantwortung (COFR \u2013 Wasserverschmutzung) an Bord haben, wenn sie U.S. Hoheitsgew\u00e4sser ansteuern.<br \/>\n<br \/>\nWas ist ein COFR?<br \/>\nEin COFR ist eine f\u00f6derale Bescheinigung, die von der US Coast Guard ausgestellt wird und beweisen soll, dass die Bediener ihre Verpflichtungen im Falle der Verschmutzung der Gew\u00e4sser in \u00dcbereinstimmung mit bestimmten U.S.-Umweltverschmutzungs-Gesetzen erf\u00fcllen k\u00f6nnen.<br \/>\n<br \/>\nNicht-Einhaltung der Vorschriften<br \/>\nIm dem Fall, dass kein g\u00fcltiges COFR-Zertifikat an Bord ist, kann das betroffene Schiff festgehalten oder der Zugang zu diesen Gew\u00e4ssern verweigert werden, wobei die Bediener erhebliche Geldbu\u00dfen wegen Missachtung der US-Gesetzgebung riskieren.<br \/>\n<br \/>\nU.S.-Hoheitsgew\u00e4sser \u2013 nicht nur U.S.-Gew\u00e4sser\/AWZ<br \/>\nDiese Anforderung betrifft Gew\u00e4sser unter U.S.-Gerichtsbarkeit, die nicht nur die AWZ, die Gew\u00e4sser des Festlands der U.S.A., sondern auch Gew\u00e4sser von Dependenzen wie Puerto Rico, Guam, Amerikanisch-Samoa usw. umfassen.<br \/>\n<br \/>\nAndere COFR-Zertifikate der Bundesstaaten<br \/>\nNeben dem (Bundes-) COFR haben einzelne US-Bundesstaaten auch ihre eigenen COFR-Anforderungen. Die Staaten Kalifornien und Alaska sind Beispiele daf\u00fcr. Auch f\u00fcr diese bundesstaatlichen COFR-Zertifikate k\u00f6nnen wir bei Bedarf Hilfestellung leisten.<br \/>\n<br \/>\nSonstige Zertifikate<br \/>\nNeben den obengenannten COFR kann es anderer Zertifikate \/ Vereinbarungen bed\u00fcrfen. Aus praktischer Sicht haben wir durch unser Engagement bei Schiffen, die unsere Gew\u00e4sser anlaufen, einige Erfahrung bei der Unterst\u00fctzung unserer Kunden gesammelt, die relevantesten Zertifikate in unserem Bereich, die neben COFR gebraucht werden, wie die International Carrier Bonds sowie ein COFR f\u00fcr Fahrgastschiffe \u2013 FMC-Zertifikat(e) \u2013 zu erlangen.<br \/>\n<br \/>\nLetzteres ist den Passagierfahrzeugen gewidmet, die Reisen in U.S.-Hoheitsgew\u00e4sser unternehmen. Diese Schiffe unterliegen einer Reihe von Parametern und m\u00fcssen beweisen, dass die Bediener in der Lage sind, ihre Verpflichtungen gegen\u00fcber diesen Passagieren, ob nun bei der Durchf\u00fchrung der Reise und der Verbringung der Passagiere zum endg\u00fcltigen Bestimmungsort oder bei der \u00dcbernahme der Haftung nach K\u00f6rperverletzung, Tod oder Krankheit der Passagiere zu erf\u00fcllen.<br \/>\n<br \/>\nVerantwortung der Bediener<br \/>\nObwohl wir versuchen, unseren Kunden so weit wie m\u00f6glich zu helfen, obliegt es schlie\u00dflich den Eigent\u00fcmern\/Bedienern von Schiffen, festzustellen, welche Zertifikate herzustellen und zu beschaffen sind. Angesichts der wesentlichen Rahmenbedingungen und Anforderungen erfordern einige Zertifikate, dass eine Reihe an Informationen recherchiert werden muss sowie eine rechtzeitige Beantragung, als auch Bem\u00fchungen von Seiten der Bediener vorzunehmen sind.<br \/>\nWenn Sie irgendwelche Hilfe ben\u00f6tigen, nach einen geplanten Ausflug in U.S. Hoheitsgew\u00e4ssern, wenden Sie sich einfach an uns.<\/div>\n\t\t\t\t\t\t<\/div>\n\t\t\t\t\t<\/div><div class=\"accordion-panel panel\">\n\t\t\t\t\t\t<div id=\"heading-3-60973562169eb267bbe1c6\" role=\"tab\" class=\"panel-heading  \">\n\t\t\t\t\t\t\t<a role=\"button\" data-toggle=\"collapse\" data-parent=\"#accordion-60973562169eb267bbe1c6\" href=\"#collapse-3-60973562169eb267bbe1c6\" aria-expanded=\"false\" aria-controls=\"collapse-3-60973562169eb267bbe1c6\" class=\"collapsed check-data-collapsed\">\n\t\t\t\t\t\t\t\t<i class=\"icon-plus accordion-icon\"><\/i>\n\t\t\t\t\t\t\t\t<span>Vertragliche Haftpflichten<\/span>\n\t\t\t\t\t\t\t<\/a>\n\t\t\t\t\t\t<\/div>\n\t\t\t\t\t\n\t\t\t\t\t\t<div id=\"collapse-3-60973562169eb267bbe1c6\" role=\"tabpanel\" aria-labelledby=\"heading-3-60973562169eb267bbe1c6\" class=\"panel-collapse collapse \">\n\t\t\t\t\t\t\t<div class=\"panel-body\">Die konventionelle P&amp;I-Versicherung deckt die gesetzliche Haftpflicht des Versicherten. Gesetzlichen Haftpflichten resultieren aus nationalen Gesetzen und internationalen Abkommen und sind abh\u00e4ngig von des Fahrgebietes und der Besch\u00e4ftigung des Schiffes.<br \/>\n<br \/>\nDie Clubs \/ Versicherer erwarten, dass ihre Mitgliedern \/ Versicherten Vertr\u00e4ge basieren auf unver\u00e4nderten Bedingungen f\u00fcr verschieden Arten von Arbeit wie zum Beispiel:<br \/>\n\u2022 Hague \/ Hague Visby Regeln f\u00fcr die internationale Bef\u00f6rderung von G\u00fcter<br \/>\n\u2022 Das Athener Abkommen f\u00fcr die internationale Bef\u00f6rderung von Passagiere<br \/>\n<br \/>\nWeiterhin, unver\u00e4nderte Standard-BIMCO Vertr\u00e4ge wie Supplytime 2005 NYPE, Baltime usw. sind allgemein akzeptiert.<br \/>\n<br \/>\nJede \u00c4nderung der Standard akzeptierte Bedingungen ben\u00f6tigt besondere Aufmerksamkeit und gegebenenfalls muss zus\u00e4tzliche Abdeckung organisiert werden. Post &amp; Co ist gerne bereit bei der Abdeckung f\u00fcr solche vertraglichen Verpflichtungen zu unterst\u00fctzen.<\/div>\n\t\t\t\t\t\t<\/div>\n\t\t\t\t\t<\/div><div class=\"accordion-panel panel\">\n\t\t\t\t\t\t<div id=\"heading-4-60973562169eb267bbe1c6\" role=\"tab\" class=\"panel-heading  \">\n\t\t\t\t\t\t\t<a role=\"button\" data-toggle=\"collapse\" data-parent=\"#accordion-60973562169eb267bbe1c6\" href=\"#collapse-4-60973562169eb267bbe1c6\" aria-expanded=\"false\" aria-controls=\"collapse-4-60973562169eb267bbe1c6\" class=\"collapsed check-data-collapsed\">\n\t\t\t\t\t\t\t\t<i class=\"icon-plus accordion-icon\"><\/i>\n\t\t\t\t\t\t\t\t<span>Exzess Haftung<\/span>\n\t\t\t\t\t\t\t<\/a>\n\t\t\t\t\t\t<\/div>\n\t\t\t\t\t\n\t\t\t\t\t\t<div id=\"collapse-4-60973562169eb267bbe1c6\" role=\"tabpanel\" aria-labelledby=\"heading-4-60973562169eb267bbe1c6\" class=\"panel-collapse collapse \">\n\t\t\t\t\t\t\t<div class=\"panel-body\">Bitte kontaktieren Sie uns f\u00fcr weitere Ausk\u00fcnfte oder ein Angebot.<\/div>\n\t\t\t\t\t\t<\/div>\n\t\t\t\t\t<\/div><\/div><\/div>[\/vc_column][\/vc_row]<\/p>\n","protected":false},"excerpt":{"rendered":"<p>[vc_row][vc_column][vc_column_text] Yachten \u2013 Au\u00dfergew\u00f6hnliche Schiffe erfordern au\u00dfergew\u00f6hnliche Versicherungsschutz Die Welt der Yachten ist mit allen anderen maritimen Segmenten unvergleichbar. Um das ultimative Erlebnis von Vergn\u00fcgen und Freizeit auf Schiffen mit dem h\u00f6chsten Standard innerhalb jedes Teilsegments des Yacht-Marktes zu schaffen, bedarf es Produkten und Dienstleistungen von h\u00f6chster Qualit\u00e4t. Da nur die Besten der Besten gut [&hellip;]<\/p>\n","protected":false},"author":1,"featured_media":0,"parent":3771,"menu_order":0,"comment_status":"closed","ping_status":"closed","template":"","meta":{"footnotes":""},"class_list":["post-3846","page","type-page","status-publish","hentry"],"_links":{"self":[{"href":"https:\/\/www.post-co.com\/de\/wp-json\/wp\/v2\/pages\/3846","targetHints":{"allow":["GET"]}}],"collection":[{"href":"https:\/\/www.post-co.com\/de\/wp-json\/wp\/v2\/pages"}],"about":[{"href":"https:\/\/www.post-co.com\/de\/wp-json\/wp\/v2\/types\/page"}],"author":[{"embeddable":true,"href":"https:\/\/www.post-co.com\/de\/wp-json\/wp\/v2\/users\/1"}],"replies":[{"embeddable":true,"href":"https:\/\/www.post-co.com\/de\/wp-json\/wp\/v2\/comments?post=3846"}],"version-history":[{"count":1,"href":"https:\/\/www.post-co.com\/de\/wp-json\/wp\/v2\/pages\/3846\/revisions"}],"predecessor-version":[{"id":3847,"href":"https:\/\/www.post-co.com\/de\/wp-json\/wp\/v2\/pages\/3846\/revisions\/3847"}],"up":[{"embeddable":true,"href":"https:\/\/www.post-co.com\/de\/wp-json\/wp\/v2\/pages\/3771"}],"wp:attachment":[{"href":"https:\/\/www.post-co.com\/de\/wp-json\/wp\/v2\/media?parent=3846"}],"curies":[{"name":"wp","href":"https:\/\/api.w.org\/{rel}","templated":true}]}}