{"id":3788,"date":"2017-05-03T15:29:56","date_gmt":"2017-05-03T13:29:56","guid":{"rendered":"http:\/\/www.post-co.com\/?page_id=3788\/"},"modified":"2024-05-06T14:57:51","modified_gmt":"2024-05-06T12:57:51","slug":"dienstleistungen","status":"publish","type":"page","link":"https:\/\/www.post-co.com\/de\/dienstleistungen\/","title":{"rendered":"Dienstleistungen"},"content":{"rendered":"<p>[vc_row][vc_column][vc_column_text]<\/p>\n<h2>Dienstleistungen bei Schadenanspr\u00fcchen und -forderungen<\/h2>\n<div class=\"middlecontainer\">\n<article id=\"post-29\" class=\"post-29 page type-page status-publish hentry\">\n<div class=\"entry-content\">\n<div class=\"entry-content\">Post &amp; Co ist bekannt f\u00fcr qualitativ hochwertigen Schadenservice und \u2013bearbeitung. Unser Schadenteam und ein professionell agierendes Netzwerk steht allen Beteiligten der internationalen Transportindustrie zur Verf\u00fcgung &#8211; rund um die Uhr, rund um den Globus!<br \/>\nUnsere Schadenabteilung setzt sich aus Seeleuten, Gutachtern, Juristen, Schifffahrts- und Transportspezialisten zusammen. Sie verf\u00fcgen \u00fcber ein erstklassiges Know-How im Bereich von Schadenanspr\u00fcchen und Rechtsstreitigkeiten in den verschiedenen weltweiten Jurisdiktionen. Diese k\u00f6nnen von den unterschiedlichsten Bereichen her resultieren, wie beispielsweise P&amp;I, Rechtsschutz (F.D. &amp; D), Kasko, Terminal- und Transporthaftungen, Yachten, etc.<br \/>\nDaneben bieten wir unseren Schadenservice auch Reedereien und Versicherern gegen Entgelt an.<br \/>\nEs ist unser Bestreben, Ihnen die bestm\u00f6gliche Hilfe zu bieten und die uns gestellten Aufgaben zu erledigen. Egal, was es ist, wo es ist und was notwendig ist \u2013 wir sind jederzeit f\u00fcr Sie da!<\/div>\n<\/div>\n<\/article>\n<\/div>\n<p>[\/vc_column_text][vc_separator css=&#8220;.vc_custom_1493651970471{margin-top: 30px !important;margin-bottom: 40px !important;}&#8220;][\/vc_column][\/vc_row]<\/p>\n","protected":false},"excerpt":{"rendered":"<p>[vc_row][vc_column][vc_column_text] Dienstleistungen bei Schadenanspr\u00fcchen und -forderungen Post &amp; Co ist bekannt f\u00fcr qualitativ hochwertigen Schadenservice und \u2013bearbeitung. Unser Schadenteam und ein professionell agierendes Netzwerk steht allen Beteiligten der internationalen Transportindustrie zur Verf\u00fcgung &#8211; rund um die Uhr, rund um den Globus! Unsere Schadenabteilung setzt sich aus Seeleuten, Gutachtern, Juristen, Schifffahrts- und Transportspezialisten zusammen. Sie verf\u00fcgen [&hellip;]<\/p>\n","protected":false},"author":1,"featured_media":0,"parent":0,"menu_order":0,"comment_status":"closed","ping_status":"closed","template":"","meta":{"footnotes":""},"class_list":["post-3788","page","type-page","status-publish","hentry"],"_links":{"self":[{"href":"https:\/\/www.post-co.com\/de\/wp-json\/wp\/v2\/pages\/3788","targetHints":{"allow":["GET"]}}],"collection":[{"href":"https:\/\/www.post-co.com\/de\/wp-json\/wp\/v2\/pages"}],"about":[{"href":"https:\/\/www.post-co.com\/de\/wp-json\/wp\/v2\/types\/page"}],"author":[{"embeddable":true,"href":"https:\/\/www.post-co.com\/de\/wp-json\/wp\/v2\/users\/1"}],"replies":[{"embeddable":true,"href":"https:\/\/www.post-co.com\/de\/wp-json\/wp\/v2\/comments?post=3788"}],"version-history":[{"count":8,"href":"https:\/\/www.post-co.com\/de\/wp-json\/wp\/v2\/pages\/3788\/revisions"}],"predecessor-version":[{"id":6428,"href":"https:\/\/www.post-co.com\/de\/wp-json\/wp\/v2\/pages\/3788\/revisions\/6428"}],"wp:attachment":[{"href":"https:\/\/www.post-co.com\/de\/wp-json\/wp\/v2\/media?parent=3788"}],"curies":[{"name":"wp","href":"https:\/\/api.w.org\/{rel}","templated":true}]}}