{"id":3786,"date":"2017-05-03T15:22:02","date_gmt":"2017-05-03T13:22:02","guid":{"rendered":"http:\/\/www.post-co.com\/?page_id=3786\/"},"modified":"2025-03-03T10:33:30","modified_gmt":"2025-03-03T09:33:30","slug":"uber-uns","status":"publish","type":"page","link":"https:\/\/www.post-co.com\/de\/uber-uns\/","title":{"rendered":"\u00dcber uns"},"content":{"rendered":"<p>[vc_row][vc_column][vc_column_text]<\/p>\n<h1 style=\"text-align: left;\">\u00dcber Post &amp; Co<\/h1>\n<p>[\/vc_column_text][\/vc_column][\/vc_row][vc_row css=&#8220;.vc_custom_1493374228024{margin-top: 30px !important;padding-bottom: 100px !important;}&#8220;][vc_column width=&#8220;1\/2&#8243;][vc_column_text]Post &amp; Co ist ein unabh\u00e4ngiger Partner f\u00fcr see- und binnenschifffahrtsbezogene Deckungen, sowie f\u00fcr alle Disziplinen innerhalb der internationalen Transport- und Logistikindustrie. Daneben d\u00fcrfen wir Umschlagunternehmen, wie Terminals, Hafenbetreiber und Stauereibetriebe, sowie Hafenbeh\u00f6rden zu unseren langj\u00e4hrigen Kunden z\u00e4hlen.<\/p>\n<p>Als einer der wenigen unabh\u00e4ngigen und global agierenden Versicherungsanbieter, ist es unsere Passion, die vorgenannten Unternehmungen und deren Versicherungsmakler kompetent und zuverlassig zu beraten.<\/p>\n<p>Aufgrund unseres kundenorientierten Branchenspezialisten-Teams sind wir in der Lage, unsere Kunden fachgerecht, innovativ und mit hochwertiger Qualit\u00e4t zu beraten. Denn schlie\u00dflich sind unsere Kunden das Herz unseres Gesch\u00e4ftes.[\/vc_column_text][\/vc_column][vc_column width=&#8220;1\/2&#8243;][vc_column_text]<\/p>\n<div class=\"entry-content\">\n<p>Wir sind stolz, unseren Kunden pers\u00f6nliche Aufmerksamkeit zu schenken und ihren Versicherungsbed\u00fcrfnissen aufgrund unseres Rundum-Service-Netzwerkes gerecht zu werden.<\/p>\n<p>Viele unserer Mitarbeiter verf\u00fcgen \u00fcber teilweise langj\u00e4hrige Erfahrung in der internationalen Schifffahrtsindustrie, wodurch eine praxisnahe und berufsbezogene Beratung und Absicherung erfolgen kann.<\/p>\n<p>Unsere eigenen B\u00fcros befinden sich an den Standorten Rotterdam, Antwerpen und Frankfurt. Wir agieren auf globaler Ebene innerhalb der internationalen Transportindustrie.<\/p>\n<\/div>\n<p>[\/vc_column_text][\/vc_column][\/vc_row][vc_row full_width=&#8220;stretch_row_content&#8220; equal_height=&#8220;yes&#8220; content_placement=&#8220;middle&#8220; css=&#8220;.vc_custom_1493388607854{padding-top: 30px !important;padding-bottom: 90px !important;background-image: url(http:\/\/www.post-co.com\/wp-content\/uploads\/2017\/04\/Between_1.jpg?id=3113) !important;}&#8220;][vc_column width=&#8220;1\/3&#8243;][vc_custom_heading text=&#8220;Kontaktiere uns&#8220; font_container=&#8220;tag:p|font_size:24px|text_align:center|color:%23ffffff&#8220; use_theme_fonts=&#8220;yes&#8220; css_animation=&#8220;fadeInDown&#8220;][vc_empty_space height=&#8220;15px&#8220;][\/vc_column][vc_column width=&#8220;2\/3&#8243;][vc_column_text]<\/p>\n<p style=\"text-align: center; color: #ffffff; font-size: 48px; line-height: 50px;\">Anspr\u00fcche<\/p>\n<p>[\/vc_column_text][vc_separator color=&#8220;custom&#8220; el_width=&#8220;60&#8243; css=&#8220;.vc_custom_1493724866089{margin-top: 30px !important;margin-bottom: 10px !important;}&#8220; accent_color=&#8220;#dc0909&#8243;][vc_column_text css=&#8220;.vc_custom_1493817228588{margin-bottom: 30px !important;}&#8220;]<\/p>\n<h3 style=\"text-align: center;\"><span style=\"color: #ffffff;\">Wir haben Seefahrer, Sch\u00e4tzer, Rechtsanw\u00e4lte und Schifffahrtsspezialisten<\/span><\/h3>\n<p>[\/vc_column_text][vc_custom_heading text=&#8220;Interessieren Sie sich f\u00fcr was wir Ihrem Unternehmen bieten k\u00f6nnen? Kontaktiere uns!&#8220; font_container=&#8220;tag:p|font_size:16px|text_align:center|color:%23c6ccd0&#8243; google_fonts=&#8220;font_family:Roboto%3A100%2C100italic%2C300%2C300italic%2Cregular%2Citalic%2C500%2C500italic%2C700%2C700italic%2C900%2C900italic|font_style:500%20bold%20regular%3A500%3Anormal&#8220;][\/vc_column][\/vc_row][vc_row css=&#8220;.vc_custom_1493391254075{padding-bottom: 50px !important;}&#8220;][vc_column css=&#8220;.vc_custom_1493196123144{margin-top: 50px !important;}&#8220;][vc_column_text]<\/p>\n<h2>Geschichte<\/h2>\n<p>[\/vc_column_text][vc_column_text css=&#8220;.vc_custom_1497432671309{margin-top: 20px !important;}&#8220;]<strong>1918 &#8211; 1956<\/strong><\/p>\n<p>1918 zog Herr Jacs Post Jr. nach Groningen, eine Stadt im n\u00f6rdlichen Teil der Niederlande, um eine Versicherungsagentur f\u00fcr eine Amsterdammer Versicherungsfamilie zu gr\u00fcnden. Im Alter von 19 Jahren gr\u00fcndete er die Noordelijk Assurantiekantoor (NASK), um damit den besseren Zugang des Unternehmens zum Norden der Niederlande zu erm\u00f6glichen. 1941 gr\u00fcndete er ein neues Unternehmen unter dem Namen Jacs Post Jr. und Co. Alle Aktivit\u00e4ten bez\u00fcglich P&amp;I-Forderungsbearbeitung sowie Versicherungs-Agenturen wurden \u00fcbertragen und in dieser Firma zusammengebracht.<\/p>\n<p><strong>1956 &#8211; 9160<\/strong><\/p>\n<p>Kurz bevor der Gr\u00fcnder des Unternehmens 1956 starb \u00fcbernahm die zweite Generation die Leitung aller Firmen. Sibbert Tj. Post hat die Gesellschaft reorganisiert und beschloss, verschiedene Aktivit\u00e4ten zu verkaufen, um sich auf die zwei B\u00fcros von NASK in Rotterdam und Groningen zu konzentrieren, was eng mit dem zusammenh\u00e4ngt, was jetzt Post &amp; Co (P&amp;I) B.V. ist.<\/p>\n<p><strong>1960 &#8211; 1970<\/strong><\/p>\n<p>In den wohlhabenden 1960er und 1970er Jahren stieg die Belegschaft auf 140 Mitarbeiter bei NASK allein an. Die dritte Generation Post begann im Familienbetrieb im Jahr 1967 und nach einer kurzen Zeit konzentrierte sich das Hauptinteresse des Unternehmens auf Post &amp; Co (P&amp;I).<\/p>\n<p><strong>1977 &#8211; 1999<\/strong><\/p>\n<p>1977 wurde beschlossen, die Aktivit\u00e4ten der verschiedenen Unternehmen aufzuteilen und Post &amp; Co \u00fcbernahm alle P&amp;I-Aktivit\u00e4ten. Dies war ein weiterer wichtiger Schritt in Richtung des aktuellen Unternehmens. Die zweite Generation (Sibbert Tj. Post) ging 1982 in den Ruhestand und die dritte Generation in Person von Jack Post setzte das Unternehmen fort.<\/p>\n<p><strong>1999 &#8211; Heute<\/strong><\/p>\n<p>1999 trat mit Roderick Post die vierte Generation in die Firma ein. Seit 2005 ist Roderick Gesch\u00e4ftsf\u00fchrer des Unternehmens, und pflegt weiterhin eine starke Familientradition und bringt das Unternehmen nach vorne, in das 21. Jahrhundert.[\/vc_column_text][\/vc_column][\/vc_row][vc_row][vc_column][vc_separator][\/vc_column][\/vc_row][vc_row][vc_column width=&#8220;1\/2&#8243;][vc_column_text css=&#8220;.vc_custom_1493817471298{margin-top: 50px !important;}&#8220;]<\/p>\n<h2 style=\"text-align: left;\">Sponsoring und Lokale Unterst\u00fctzung<\/h2>\n<p>&nbsp;<\/p>\n<p>Seit der Gr\u00fcndung des Unternehmens hat Post &amp; Co immer sein Engagement f\u00fcr soziale Verantwortung gezeigt. Dies spiegelt sich anhand von Sponsoring und Spenden an verschiedene Wohlfahrts- und Kulturinitiativen wider. Alle Post-Generationen haben sich ihre pers\u00f6nlichen Projekte ausgew\u00e4hlt. Viele Projekte wurden daher seit vielen Jahren unterst\u00fctzt.[\/vc_column_text][\/vc_column][vc_column width=&#8220;1\/2&#8243;][\/vc_column][\/vc_row][vc_row css=&#8220;.vc_custom_1493199098235{margin-top: 30px !important;}&#8220;][vc_column width=&#8220;1\/2&#8243;][vc_column_text]<div class=\"slz_shortcode col-2-shortcode sc_accordion accordion-4663681769e8fff0d4ccf \"><div id=\"accordion-4663681769e8fff0d4ccf\" role=\"tablist\" aria-multiselectable=\"true\" class=\"slz-accordion-group\"><div class=\"accordion-panel panel\">\n\t\t\t\t\t\t<div id=\"heading-1-4663681769e8fff0d4ccf\" role=\"tab\" class=\"panel-heading  active_panel\">\n\t\t\t\t\t\t\t<a role=\"button\" data-toggle=\"collapse\" data-parent=\"#accordion-4663681769e8fff0d4ccf\" href=\"#collapse-1-4663681769e8fff0d4ccf\" aria-expanded=\"false\" aria-controls=\"collapse-1-4663681769e8fff0d4ccf\" class=\"collapsed check-data-collapsed\">\n\t\t\t\t\t\t\t\t<i class=\"icon-plus accordion-icon\"><\/i>\n\t\t\t\t\t\t\t\t<span>Wir treffen unsere Entscheidungen anhand der folgenden Kriterien<\/span>\n\t\t\t\t\t\t\t<\/a>\n\t\t\t\t\t\t<\/div>\n\t\t\t\t\t\n\t\t\t\t\t\t<div id=\"collapse-1-4663681769e8fff0d4ccf\" role=\"tabpanel\" aria-labelledby=\"heading-1-4663681769e8fff0d4ccf\" class=\"panel-collapse collapse \">\n\t\t\t\t\t\t\t<div class=\"panel-body\">\u2022 Entwicklung, Bildung und Unterst\u00fctzung von Kindern.<br \/>\n\u2022 Teil der sozialen Schnittstelle von Post &amp; Co (Versand und die Stadt Rotterdam).<br \/>\n\u2022 Transparenz der finanziellen Verantwortlichkeit des Projekts.<\/div>\n\t\t\t\t\t\t<\/div>\n\t\t\t\t\t<\/div><div class=\"accordion-panel panel\">\n\t\t\t\t\t\t<div id=\"heading-2-4663681769e8fff0d4ccf\" role=\"tab\" class=\"panel-heading  \">\n\t\t\t\t\t\t\t<a role=\"button\" data-toggle=\"collapse\" data-parent=\"#accordion-4663681769e8fff0d4ccf\" href=\"#collapse-2-4663681769e8fff0d4ccf\" aria-expanded=\"false\" aria-controls=\"collapse-2-4663681769e8fff0d4ccf\" class=\"collapsed check-data-collapsed\">\n\t\t\t\t\t\t\t\t<i class=\"icon-plus accordion-icon\"><\/i>\n\t\t\t\t\t\t\t\t<span>Projekte, unterst\u00fctzt von Post &amp; Co<\/span>\n\t\t\t\t\t\t\t<\/a>\n\t\t\t\t\t\t<\/div>\n\t\t\t\t\t\n\t\t\t\t\t\t<div id=\"collapse-2-4663681769e8fff0d4ccf\" role=\"tabpanel\" aria-labelledby=\"heading-2-4663681769e8fff0d4ccf\" class=\"panel-collapse collapse \">\n\t\t\t\t\t\t\t<div class=\"panel-body\">\u2022 Stiftung Breath: eine Stiftung, die hilft, Stra\u00dfenkinder in Rum\u00e4nien, Georgien und der Ukraine (www.stichtingbreath.nl) zu unterst\u00fctzen.<br \/>\n\u2022 Stiftung Nationaal Kamp Schipperskinderen (Schiffer-Kinder): eine Stiftung, die ein Freizeitlager f\u00fcr Kinder von Binnenschiffern organisiert (www.nationaalkamp.nl).<br \/>\n\u2022 Koninklijke Nederlandse Reddings Maatschappij (www.knrm.nl).<br \/>\n\u2022 Segelschulvereinigung, Niederlande: eine Organisation, die Kinder ermutigt, einen maritimen Beruf zu ergreifen (www.sailtraininginternational.org).<br \/>\n\u2022 Diverse Stiftungen, um das nationale Erbe zu wahren, alle in Verbindung mit Schiffahrt.<br \/>\n<\/div>\n\t\t\t\t\t\t<\/div>\n\t\t\t\t\t<\/div><div class=\"accordion-panel panel\">\n\t\t\t\t\t\t<div id=\"heading-3-4663681769e8fff0d4ccf\" role=\"tab\" class=\"panel-heading  \">\n\t\t\t\t\t\t\t<a role=\"button\" data-toggle=\"collapse\" data-parent=\"#accordion-4663681769e8fff0d4ccf\" href=\"#collapse-3-4663681769e8fff0d4ccf\" aria-expanded=\"false\" aria-controls=\"collapse-3-4663681769e8fff0d4ccf\" class=\"collapsed check-data-collapsed\">\n\t\t\t\t\t\t\t\t<i class=\"icon-plus accordion-icon\"><\/i>\n\t\t\t\t\t\t\t\t<span>Post &amp; Co Rotterdam ist bei verschiedenen, speziell in Rotterdam befindlichen, Projekten eingebunden, wie<\/span>\n\t\t\t\t\t\t\t<\/a>\n\t\t\t\t\t\t<\/div>\n\t\t\t\t\t\n\t\t\t\t\t\t<div id=\"collapse-3-4663681769e8fff0d4ccf\" role=\"tabpanel\" aria-labelledby=\"heading-3-4663681769e8fff0d4ccf\" class=\"panel-collapse collapse \">\n\t\t\t\t\t\t\t<div class=\"panel-body\">\u2022 Der \u201cRotterdam Promotion Award\u201d.<br \/>\n\u2022 Der Rotterdamer Zoo\u201dDiergaarde Blijdorp\u201d (www.rotterdamzoo.nl).<br \/>\n\u2022 CHIO Rotterdam (www.chio.nl).<br \/>\n\u2022 Stiftung Bowi(www.stichtingbowi.nl).<br \/>\n<\/div>\n\t\t\t\t\t\t<\/div>\n\t\t\t\t\t<\/div><div class=\"accordion-panel panel\">\n\t\t\t\t\t\t<div id=\"heading-4-4663681769e8fff0d4ccf\" role=\"tab\" class=\"panel-heading  \">\n\t\t\t\t\t\t\t<a role=\"button\" data-toggle=\"collapse\" data-parent=\"#accordion-4663681769e8fff0d4ccf\" href=\"#collapse-4-4663681769e8fff0d4ccf\" aria-expanded=\"false\" aria-controls=\"collapse-4-4663681769e8fff0d4ccf\" class=\"collapsed check-data-collapsed\">\n\t\t\t\t\t\t\t\t<i class=\"icon-plus accordion-icon\"><\/i>\n\t\t\t\t\t\t\t\t<span>Sportvereine von Post &amp; Co gesponsert<\/span>\n\t\t\t\t\t\t\t<\/a>\n\t\t\t\t\t\t<\/div>\n\t\t\t\t\t\n\t\t\t\t\t\t<div id=\"collapse-4-4663681769e8fff0d4ccf\" role=\"tabpanel\" aria-labelledby=\"heading-4-4663681769e8fff0d4ccf\" class=\"panel-collapse collapse \">\n\t\t\t\t\t\t\t<div class=\"panel-body\">\u2022 ABC-Swindregt \u2013 Badminton<br \/>\n\u2022 Tempo \u201934 Frauen B2 \u2013 Hockey <br \/>\n\u2022 VCN King Frauen 4 \u2013 Volleyball <br \/>\n\u2022 RHS A1 \u2013 Fu\u00dfball <br \/>\n<\/div>\n\t\t\t\t\t\t<\/div>\n\t\t\t\t\t<\/div><\/div><\/div>[\/vc_column_text][\/vc_column][vc_column width=&#8220;1\/2&#8243;][vc_single_image image=&#8220;2237&#8243; img_size=&#8220;large&#8220;][\/vc_column][\/vc_row]<\/p>\n","protected":false},"excerpt":{"rendered":"<p>[vc_row][vc_column][vc_column_text] \u00dcber Post &amp; Co [\/vc_column_text][\/vc_column][\/vc_row][vc_row css=&#8220;.vc_custom_1493374228024{margin-top: 30px !important;padding-bottom: 100px !important;}&#8220;][vc_column width=&#8220;1\/2&#8243;][vc_column_text]Post &amp; Co ist ein unabh\u00e4ngiger Partner f\u00fcr see- und binnenschifffahrtsbezogene Deckungen, sowie f\u00fcr alle Disziplinen innerhalb der internationalen Transport- und Logistikindustrie. Daneben d\u00fcrfen wir Umschlagunternehmen, wie Terminals, Hafenbetreiber und Stauereibetriebe, sowie Hafenbeh\u00f6rden zu unseren langj\u00e4hrigen Kunden z\u00e4hlen. Als einer der wenigen unabh\u00e4ngigen und [&hellip;]<\/p>\n","protected":false},"author":1,"featured_media":0,"parent":0,"menu_order":0,"comment_status":"closed","ping_status":"closed","template":"","meta":{"footnotes":""},"class_list":["post-3786","page","type-page","status-publish","hentry"],"_links":{"self":[{"href":"https:\/\/www.post-co.com\/de\/wp-json\/wp\/v2\/pages\/3786","targetHints":{"allow":["GET"]}}],"collection":[{"href":"https:\/\/www.post-co.com\/de\/wp-json\/wp\/v2\/pages"}],"about":[{"href":"https:\/\/www.post-co.com\/de\/wp-json\/wp\/v2\/types\/page"}],"author":[{"embeddable":true,"href":"https:\/\/www.post-co.com\/de\/wp-json\/wp\/v2\/users\/1"}],"replies":[{"embeddable":true,"href":"https:\/\/www.post-co.com\/de\/wp-json\/wp\/v2\/comments?post=3786"}],"version-history":[{"count":8,"href":"https:\/\/www.post-co.com\/de\/wp-json\/wp\/v2\/pages\/3786\/revisions"}],"predecessor-version":[{"id":6746,"href":"https:\/\/www.post-co.com\/de\/wp-json\/wp\/v2\/pages\/3786\/revisions\/6746"}],"wp:attachment":[{"href":"https:\/\/www.post-co.com\/de\/wp-json\/wp\/v2\/media?parent=3786"}],"curies":[{"name":"wp","href":"https:\/\/api.w.org\/{rel}","templated":true}]}}