{"id":3778,"date":"2017-05-03T14:31:58","date_gmt":"2017-05-03T12:31:58","guid":{"rendered":"http:\/\/www.post-co.com\/?page_id=3778\/"},"modified":"2017-05-05T11:20:28","modified_gmt":"2017-05-05T09:20:28","slug":"charterer","status":"publish","type":"page","link":"https:\/\/www.post-co.com\/de\/branchen\/charterer\/","title":{"rendered":"Charterer"},"content":{"rendered":"<p>[vc_row][vc_column][vc_column_text]<\/p>\n<h2>Charterer<\/h2>\n<div class=\"entry-content\">\n<p>Post &amp; Co erkannte fr\u00fch die Notwendigkeit einer ausreichenden Deckung f\u00fcr die Haftung von Befrachtern. Seit mehr als 25 Jahren betreiben wir nun unserer Abteilung f\u00fcr Charterer-Haftung mit 100% Lloyd\u2019s-Security. Dieses erstklassige Sicherheit mit der langfristigen Expertise von Post &amp; Co zu kombinieren, f\u00fchrte zu einem Haftpflicht-Paket f\u00fcr Befrachter, das jede Art von Charter versicheren kann.<\/p>\n<p>Eigent\u00fcmer und Verwalter schlie\u00dfen eine P&amp;I-Versicherung zur Deckung der Haftpflicht ab, die aus dem Betrieb des Schiffes entsteht, wie Ladungssch\u00e4den, Umweltverschmutzung, Tod, Personenschaden, etc.. Betreiber k\u00f6nnen Schiffe auch chartern, statt sie zu besitzen oder zu verwalten, w\u00e4hrend die Frachteigner und Rohstoffh\u00e4ndler Schiffe anmieten, um ihre eigene Ladung zu transportieren. Diese Befrachter stehen \u00e4hnlichen Haftungsverpflichtungen gegen\u00fcber. Wenn Sie diese Haftung einschlie\u00dfen wollen, empfehlen wir Ihnen, den P&amp;I-Versicherungsschutz abzuschlie\u00dfen, um Ihre Position als Charterer zu sch\u00fctzen.<\/p>\n<p>Zus\u00e4tzlich zu diesen P&amp;I-Risiken, kann das gecharterte Schiff w\u00e4hrend der Charterzeit besch\u00e4digt werden. Beispiele wie von Hafenarbeitern verursachter Schaden beim Bunkern oder L\u00f6schen, Kaskosch\u00e4den aufgrund eines unsicheren Hafens oder Sch\u00e4den an den Motoren, aufgrund von nicht ordnungsgem\u00e4\u00dfen Bunkern, die von Charterern gemeldet werden, sind reichlich vorhanden. All diese Sch\u00e4den k\u00f6nnen zur Haftung des Charterers gegen\u00fcber dem Eigner des gecharterten Schiffes f\u00fchren.<\/p>\n<p>Die P&amp;I-Versicherung deckt keine Sch\u00e4den am Schiff. Befrachter m\u00fcssen also eine Sch\u00e4den am Schiffversicherung abschlie\u00dfen, die die Haftung des Charterers f\u00fcr solche Sch\u00e4den versichert. Wir betonen, dass dies eine Haftpflichtversicherung betrifft. Sie ersetzt nicht die Kasko- und Maschinenversicherung der Eigner.<\/p>\n<p>Die Teilung der Haftung zwischen Charterern und Eignern des gecharterten Schiffes ist in den Vertr\u00e4gen zwischen den Charter-Parteien festgelegt. Standardm\u00e4\u00dfige Charterer wie Gencon, Baltime, Supplytime und NYPE Charter Parties sind f\u00fcr P&amp;I- und Sch\u00e4den am Schiffversicherer akzeptabel. In den meisten F\u00e4llen \u00e4ndern sich die Charter-Parteien und zus\u00e4tzliche Klauseln werden hinzugef\u00fcgt. Dies kann die Aufteilung der Haftung zwischen den Beteiligten drastisch beeinflussen und, wenn m\u00f6glich, muss die Haftpflichtversicherung des Charterers entsprechend angepasst werden.<\/p>\n<p>Zus\u00e4tzlich zu der obengenannten P&amp;I- und Sch\u00e4den am Schiffversicherung, bietet Post &amp; Co eine F\u00fclle an zus\u00e4tzlichen Deckungen an, wie: Die Rechtschutzversicherung (F. D. &amp; D.) deckt die Rechtskosten in Verbindung mit einer Streitigkeit, die nicht von der P&amp;I-und der Sch\u00e4den am Schiffversicherung gesichert werden; Besch\u00e4digungen oder Verlust von Charterer-Bunkern; verschiedene vertragliche Verpflichtungen, einschlie\u00dflich der sogenannten Deviationsaspekten.<\/p>\n<p>Post &amp; Co ber\u00e4t Sie einfach zu jeder Art von Charterer-Paket. Je nach spezifischen Bed\u00fcrfnissen und W\u00fcnschen sind verschiedene Kombinationen m\u00f6gliche. Weitere Informationen erhalten Sie beim Charterer-Team.<\/p>\n<\/div>\n<p>[\/vc_column_text][\/vc_column][\/vc_row][vc_row css=&#8220;.vc_custom_1493216927053{margin-top: 30px !important;}&#8220;][vc_column][vc_column_text]<\/p>\n<h2>Produkte<\/h2>\n<p>[\/vc_column_text][\/vc_column][\/vc_row][vc_row css=&#8220;.vc_custom_1493216880737{margin-top: 20px !important;}&#8220;][vc_column width=&#8220;1\/2&#8243;]<div class=\"slz_shortcode col-2-shortcode sc_accordion accordion-160984165269eb554e63755 \"><div id=\"accordion-160984165269eb554e63755\" role=\"tablist\" aria-multiselectable=\"true\" class=\"slz-accordion-group\"><div class=\"accordion-panel panel\">\n\t\t\t\t\t\t<div id=\"heading-1-160984165269eb554e63755\" role=\"tab\" class=\"panel-heading  active_panel\">\n\t\t\t\t\t\t\t<a role=\"button\" data-toggle=\"collapse\" data-parent=\"#accordion-160984165269eb554e63755\" href=\"#collapse-1-160984165269eb554e63755\" aria-expanded=\"false\" aria-controls=\"collapse-1-160984165269eb554e63755\" class=\"collapsed check-data-collapsed\">\n\t\t\t\t\t\t\t\t<i class=\"icon-plus accordion-icon\"><\/i>\n\t\t\t\t\t\t\t\t<span>P&amp;I<\/span>\n\t\t\t\t\t\t\t<\/a>\n\t\t\t\t\t\t<\/div>\n\t\t\t\t\t\n\t\t\t\t\t\t<div id=\"collapse-1-160984165269eb554e63755\" role=\"tabpanel\" aria-labelledby=\"heading-1-160984165269eb554e63755\" class=\"panel-collapse collapse \">\n\t\t\t\t\t\t\t<div class=\"panel-body\">Genau wie die Eigent\u00fcmer und Verwalter, m\u00fcssen Befrachter ihre Versicherung zur Deckung ihrer Haftung aus dem Betrieb des Schiffes haben.<br \/>\n<br \/>\nDie P&amp;I Versicherung deckt die Haftung des Versicherten bei (aber nicht nur):<br \/>\n\u2022 Personensch\u00e4den von Besatzung, Passagieren oder anderen an Bord<br \/>\n\u2022 Verlust oder Besch\u00e4digung der Ladung<br \/>\n\u2022 Verschmutzung<br \/>\n\u2022 Wrackbeseitigung<br \/>\n\u2022 (Exzess) Kollision mit anderen Schiffen und Objekten<br \/>\n\u2022 Abschleppen<br \/>\n\u2022 Eigentum an Bord<br \/>\n<\/div>\n\t\t\t\t\t\t<\/div>\n\t\t\t\t\t<\/div><div class=\"accordion-panel panel\">\n\t\t\t\t\t\t<div id=\"heading-2-160984165269eb554e63755\" role=\"tab\" class=\"panel-heading  \">\n\t\t\t\t\t\t\t<a role=\"button\" data-toggle=\"collapse\" data-parent=\"#accordion-160984165269eb554e63755\" href=\"#collapse-2-160984165269eb554e63755\" aria-expanded=\"false\" aria-controls=\"collapse-2-160984165269eb554e63755\" class=\"collapsed check-data-collapsed\">\n\t\t\t\t\t\t\t\t<i class=\"icon-plus accordion-icon\"><\/i>\n\t\t\t\t\t\t\t\t<span>Schaden am Schiff<\/span>\n\t\t\t\t\t\t\t<\/a>\n\t\t\t\t\t\t<\/div>\n\t\t\t\t\t\n\t\t\t\t\t\t<div id=\"collapse-2-160984165269eb554e63755\" role=\"tabpanel\" aria-labelledby=\"heading-2-160984165269eb554e63755\" class=\"panel-collapse collapse \">\n\t\t\t\t\t\t\t<div class=\"panel-body\">Zus\u00e4tzlich zu P&amp;I-Risiken des Befrachters, ist der Befrachter m\u00f6glicherweise f\u00fcr Sch\u00e4den am Schiff w\u00e4hrend der Charterzeit haftbar. Die P&amp;I-Versicherung deckt keine Sch\u00e4den am Schiff. Befrachter m\u00fcssen also eine Sch\u00e4den am Schiffversicherung abschlie\u00dfen, die die Haftung des Charterers f\u00fcr solche Sch\u00e4den versichert.<\/div>\n\t\t\t\t\t\t<\/div>\n\t\t\t\t\t<\/div><div class=\"accordion-panel panel\">\n\t\t\t\t\t\t<div id=\"heading-3-160984165269eb554e63755\" role=\"tab\" class=\"panel-heading  \">\n\t\t\t\t\t\t\t<a role=\"button\" data-toggle=\"collapse\" data-parent=\"#accordion-160984165269eb554e63755\" href=\"#collapse-3-160984165269eb554e63755\" aria-expanded=\"false\" aria-controls=\"collapse-3-160984165269eb554e63755\" class=\"collapsed check-data-collapsed\">\n\t\t\t\t\t\t\t\t<i class=\"icon-plus accordion-icon\"><\/i>\n\t\t\t\t\t\t\t\t<span>Rechtsschutz Versicherung<\/span>\n\t\t\t\t\t\t\t<\/a>\n\t\t\t\t\t\t<\/div>\n\t\t\t\t\t\n\t\t\t\t\t\t<div id=\"collapse-3-160984165269eb554e63755\" role=\"tabpanel\" aria-labelledby=\"heading-3-160984165269eb554e63755\" class=\"panel-collapse collapse \">\n\t\t\t\t\t\t\t<div class=\"panel-body\">Diese Rechtsschutzversicherung deckt die Rechtskosten der Versicherten bei Streitigkeiten, die nicht von der P&amp;I-Versicherung gedeckt werden. Das k\u00f6nnen Rechtsstreite bez\u00fcglich Chartervertr\u00e4gen, Frachtdokumenten, Transportvertr\u00e4gen und Streitigkeiten bez\u00fcglich der Liegegeb\u00fchr, Frachtkosten usw. sein. Die Versicherung deckt die Rechtskosten bei diesen Verfahren, nicht den tats\u00e4chlich strittigen Betrag.<br \/>\n<\/div>\n\t\t\t\t\t\t<\/div>\n\t\t\t\t\t<\/div><div class=\"accordion-panel panel\">\n\t\t\t\t\t\t<div id=\"heading-4-160984165269eb554e63755\" role=\"tab\" class=\"panel-heading  \">\n\t\t\t\t\t\t\t<a role=\"button\" data-toggle=\"collapse\" data-parent=\"#accordion-160984165269eb554e63755\" href=\"#collapse-4-160984165269eb554e63755\" aria-expanded=\"false\" aria-controls=\"collapse-4-160984165269eb554e63755\" class=\"collapsed check-data-collapsed\">\n\t\t\t\t\t\t\t\t<i class=\"icon-plus accordion-icon\"><\/i>\n\t\t\t\t\t\t\t\t<span>Rechtskosten<\/span>\n\t\t\t\t\t\t\t<\/a>\n\t\t\t\t\t\t<\/div>\n\t\t\t\t\t\n\t\t\t\t\t\t<div id=\"collapse-4-160984165269eb554e63755\" role=\"tabpanel\" aria-labelledby=\"heading-4-160984165269eb554e63755\" class=\"panel-collapse collapse \">\n\t\t\t\t\t\t\t<div class=\"panel-body\">Die Rechtskostenversicherung beinhaltet ein eigenes Risiko das vom Versicherten selbst zu tragen ist. Solch ein eigenes Risiko kann unter Rechtskosten gedeckt werden, unterliegt aber der Bedingung, dass auch die Rechtsch\u00fctzversicherung (F.D. &amp; D.) herausgenommen worden ist.<\/div>\n\t\t\t\t\t\t<\/div>\n\t\t\t\t\t<\/div><div class=\"accordion-panel panel\">\n\t\t\t\t\t\t<div id=\"heading-5-160984165269eb554e63755\" role=\"tab\" class=\"panel-heading  \">\n\t\t\t\t\t\t\t<a role=\"button\" data-toggle=\"collapse\" data-parent=\"#accordion-160984165269eb554e63755\" href=\"#collapse-5-160984165269eb554e63755\" aria-expanded=\"false\" aria-controls=\"collapse-5-160984165269eb554e63755\" class=\"collapsed check-data-collapsed\">\n\t\t\t\t\t\t\t\t<i class=\"icon-plus accordion-icon\"><\/i>\n\t\t\t\t\t\t\t\t<span>Vertragliche Haftpflichten<\/span>\n\t\t\t\t\t\t\t<\/a>\n\t\t\t\t\t\t<\/div>\n\t\t\t\t\t\n\t\t\t\t\t\t<div id=\"collapse-5-160984165269eb554e63755\" role=\"tabpanel\" aria-labelledby=\"heading-5-160984165269eb554e63755\" class=\"panel-collapse collapse \">\n\t\t\t\t\t\t\t<div class=\"panel-body\">Die konventionelle P&amp;I-Versicherung deckt die gesetzliche Haftpflicht des Versicherten. Gesetzlichen Haftpflichten resultieren aus nationalen Gesetzen und internationalen Abkommen und sind abh\u00e4ngig von des Fahrgebietes und der Besch\u00e4ftigung des Schiffes.<br \/>\n<br \/>\nDie Clubs \/ Versicherer erwarten, dass ihre Mitgliedern \/ Versicherten Vertr\u00e4ge basieren auf unver\u00e4nderten Bedingungen f\u00fcr verschieden Arten von Arbeit wie zum Beispiel:<br \/>\n\u2022 Hague \/ Hague Visby Regeln f\u00fcr die internationale Bef\u00f6rderung von G\u00fcter<br \/>\n\u2022 Das Athener Abkommen f\u00fcr die internationale Bef\u00f6rderung von Passagiere<br \/>\n<br \/>\nWeiterhin, unver\u00e4nderte Standard-BIMCO Vertr\u00e4ge wie Supplytime 2005 NYPE, Baltime usw. sind allgemein akzeptiert.<br \/>\n<br \/>\nJede \u00c4nderung der Standard akzeptierte Bedingungen ben\u00f6tigt besondere Aufmerksamkeit und gegebenenfalls muss zus\u00e4tzliche Abdeckung organisiert werden. Post &amp; Co ist gerne bereit bei der Abdeckung f\u00fcr solche vertraglichen Verpflichtungen zu unterst\u00fctzen.<br \/>\n<\/div>\n\t\t\t\t\t\t<\/div>\n\t\t\t\t\t<\/div><div class=\"accordion-panel panel\">\n\t\t\t\t\t\t<div id=\"heading-6-160984165269eb554e63755\" role=\"tab\" class=\"panel-heading  \">\n\t\t\t\t\t\t\t<a role=\"button\" data-toggle=\"collapse\" data-parent=\"#accordion-160984165269eb554e63755\" href=\"#collapse-6-160984165269eb554e63755\" aria-expanded=\"false\" aria-controls=\"collapse-6-160984165269eb554e63755\" class=\"collapsed check-data-collapsed\">\n\t\t\t\t\t\t\t\t<i class=\"icon-plus accordion-icon\"><\/i>\n\t\t\t\t\t\t\t\t<span>S.O.L.-Versicherung<\/span>\n\t\t\t\t\t\t\t<\/a>\n\t\t\t\t\t\t<\/div>\n\t\t\t\t\t\n\t\t\t\t\t\t<div id=\"collapse-6-160984165269eb554e63755\" role=\"tabpanel\" aria-labelledby=\"heading-6-160984165269eb554e63755\" class=\"panel-collapse collapse \">\n\t\t\t\t\t\t\t<div class=\"panel-body\">Dies ist eine \u00fcbliche Abk\u00fcrzung f\u00fcr die Deckung der sogenannten \u201cShip Owner Liability\u201d (Schiffseignerhaftung), die im Fall einer geografischen Deviation oder Verletzung eines Bef\u00f6rderungsvertrages eintritt. Die Versicherten m\u00fcssen erkennen, da\u00df solch eine Verletzung oder Deviation den Frachtf\u00fchrer seiner \u00fcblichen Verteidigungen und Beschr\u00e4nkungen nach dem Bef\u00f6rderungsvertrag beraubt und den Standard-P&amp;I-Versicherungsschutz beeintr\u00e4chtigt. Die S.O.L.-Versicherung deckt die Haftung f\u00fcr Verlust und\/oder Besch\u00e4dung von Ladung im Falle eines solchen Bruches oder einer solchen Abweichung.<\/div>\n\t\t\t\t\t\t<\/div>\n\t\t\t\t\t<\/div><\/div><\/div>[\/vc_column][vc_column width=&#8220;1\/2&#8243;]<div class=\"slz_shortcode col-2-shortcode sc_accordion accordion-141400436369eb554e63f31 \"><div id=\"accordion-141400436369eb554e63f31\" role=\"tablist\" aria-multiselectable=\"true\" class=\"slz-accordion-group\"><div class=\"accordion-panel panel\">\n\t\t\t\t\t\t<div id=\"heading-1-141400436369eb554e63f31\" role=\"tab\" class=\"panel-heading  active_panel\">\n\t\t\t\t\t\t\t<a role=\"button\" data-toggle=\"collapse\" data-parent=\"#accordion-141400436369eb554e63f31\" href=\"#collapse-1-141400436369eb554e63f31\" aria-expanded=\"false\" aria-controls=\"collapse-1-141400436369eb554e63f31\" class=\"collapsed check-data-collapsed\">\n\t\t\t\t\t\t\t\t<i class=\"icon-plus accordion-icon\"><\/i>\n\t\t\t\t\t\t\t\t<span>Bunker<\/span>\n\t\t\t\t\t\t\t<\/a>\n\t\t\t\t\t\t<\/div>\n\t\t\t\t\t\n\t\t\t\t\t\t<div id=\"collapse-1-141400436369eb554e63f31\" role=\"tabpanel\" aria-labelledby=\"heading-1-141400436369eb554e63f31\" class=\"panel-collapse collapse \">\n\t\t\t\t\t\t\t<div class=\"panel-body\">Bunker, die zur Verf\u00fcgung gestellt und im Besitz von Befrachtern sind, k\u00f6nnen einen erheblichen Wert darstellen. Die Bunker-Versicherung des Befrachters deckt den Verlust oder Schaden am Bunker. Wenn im Falle einer Havarie Grosse der Wert der Bunker der zur Havarie Grosse Anteil beitr\u00e4gt, deckt die Befrachter-Bunkerversicherung so einen Anteil.<\/div>\n\t\t\t\t\t\t<\/div>\n\t\t\t\t\t<\/div><div class=\"accordion-panel panel\">\n\t\t\t\t\t\t<div id=\"heading-2-141400436369eb554e63f31\" role=\"tab\" class=\"panel-heading  \">\n\t\t\t\t\t\t\t<a role=\"button\" data-toggle=\"collapse\" data-parent=\"#accordion-141400436369eb554e63f31\" href=\"#collapse-2-141400436369eb554e63f31\" aria-expanded=\"false\" aria-controls=\"collapse-2-141400436369eb554e63f31\" class=\"collapsed check-data-collapsed\">\n\t\t\t\t\t\t\t\t<i class=\"icon-plus accordion-icon\"><\/i>\n\t\t\t\t\t\t\t\t<span>Piraterie \/ Verlust der Einnahme<\/span>\n\t\t\t\t\t\t\t<\/a>\n\t\t\t\t\t\t<\/div>\n\t\t\t\t\t\n\t\t\t\t\t\t<div id=\"collapse-2-141400436369eb554e63f31\" role=\"tabpanel\" aria-labelledby=\"heading-2-141400436369eb554e63f31\" class=\"panel-collapse collapse \">\n\t\t\t\t\t\t\t<div class=\"panel-body\">Diese Versicherung deckt die Tagesverluste, wenn das Schiff, infolge eines eines Aktes der Piraterie, festgehalten wird und die Schiffsmiete unter solchen Umst\u00e4nden nicht aufgehoben werden kann. Die Deckung zahlt bis zu dem vereinbarten Grenzwert nach dem t\u00e4glichen Verleihwert im Chartervertrag.<\/div>\n\t\t\t\t\t\t<\/div>\n\t\t\t\t\t<\/div><div class=\"accordion-panel panel\">\n\t\t\t\t\t\t<div id=\"heading-3-141400436369eb554e63f31\" role=\"tab\" class=\"panel-heading  \">\n\t\t\t\t\t\t\t<a role=\"button\" data-toggle=\"collapse\" data-parent=\"#accordion-141400436369eb554e63f31\" href=\"#collapse-3-141400436369eb554e63f31\" aria-expanded=\"false\" aria-controls=\"collapse-3-141400436369eb554e63f31\" class=\"collapsed check-data-collapsed\">\n\t\t\t\t\t\t\t\t<i class=\"icon-plus accordion-icon\"><\/i>\n\t\t\t\t\t\t\t\t<span>Handelsunterbrechungsversicherung (TDI)<\/span>\n\t\t\t\t\t\t\t<\/a>\n\t\t\t\t\t\t<\/div>\n\t\t\t\t\t\n\t\t\t\t\t\t<div id=\"collapse-3-141400436369eb554e63f31\" role=\"tabpanel\" aria-labelledby=\"heading-3-141400436369eb554e63f31\" class=\"panel-collapse collapse \">\n\t\t\t\t\t\t\t<div class=\"panel-body\">Deckt den Verlust von Einnahmen, zus\u00e4tzlichen Kosten, Aufwendungen und Vertragsstrafen aufgrund verschiedener Gefahren einschlie\u00dflich Maschinenschaden, politischen Risiken, Streiks, Erdbeben und anderen Vorf\u00e4lle, die zur Verz\u00f6gerung des Schiffes f\u00fchren.<\/div>\n\t\t\t\t\t\t<\/div>\n\t\t\t\t\t<\/div><div class=\"accordion-panel panel\">\n\t\t\t\t\t\t<div id=\"heading-4-141400436369eb554e63f31\" role=\"tab\" class=\"panel-heading  \">\n\t\t\t\t\t\t\t<a role=\"button\" data-toggle=\"collapse\" data-parent=\"#accordion-141400436369eb554e63f31\" href=\"#collapse-4-141400436369eb554e63f31\" aria-expanded=\"false\" aria-controls=\"collapse-4-141400436369eb554e63f31\" class=\"collapsed check-data-collapsed\">\n\t\t\t\t\t\t\t\t<i class=\"icon-plus accordion-icon\"><\/i>\n\t\t\t\t\t\t\t\t<span>Gesetzliche Haftpflicht des Frachteigners<\/span>\n\t\t\t\t\t\t\t<\/a>\n\t\t\t\t\t\t<\/div>\n\t\t\t\t\t\n\t\t\t\t\t\t<div id=\"collapse-4-141400436369eb554e63f31\" role=\"tabpanel\" aria-labelledby=\"heading-4-141400436369eb554e63f31\" class=\"panel-collapse collapse \">\n\t\t\t\t\t\t\t<div class=\"panel-body\">H\u00e4ndler, Hersteller oder andere Eigent\u00fcmer von Waren, die Schiffe chartern, um ihre Fracht zu transportieren sind nat\u00fcrlich genau wie die Befrachter haftbar, wie es der Fall f\u00fcr andere Befrachter ist. Dar\u00fcber hinaus k\u00f6nnen jedoch Ladungseigner auch Haftungsanspr\u00fcchen in ihrer Eigenschaft als Frachteigner anstelle von Charterer gegen\u00fcberstehen. Die Mehrheit der Frachtversicherungen deckt keine Haftung f\u00fcr Verbindlichkeiten infolge der Bef\u00f6rderung der Erzeugnisse. Um diese Risiken zu decken, kann Post &amp; Co durch separate Vereinbarung erweitert werden, um die gesetzliche Frachteignerhaftung einzuschlie\u00dfen.<\/div>\n\t\t\t\t\t\t<\/div>\n\t\t\t\t\t<\/div><div class=\"accordion-panel panel\">\n\t\t\t\t\t\t<div id=\"heading-5-141400436369eb554e63f31\" role=\"tab\" class=\"panel-heading  \">\n\t\t\t\t\t\t\t<a role=\"button\" data-toggle=\"collapse\" data-parent=\"#accordion-141400436369eb554e63f31\" href=\"#collapse-5-141400436369eb554e63f31\" aria-expanded=\"false\" aria-controls=\"collapse-5-141400436369eb554e63f31\" class=\"collapsed check-data-collapsed\">\n\t\t\t\t\t\t\t\t<i class=\"icon-plus accordion-icon\"><\/i>\n\t\t\t\t\t\t\t\t<span>Interesse des Befrachters<\/span>\n\t\t\t\t\t\t\t<\/a>\n\t\t\t\t\t\t<\/div>\n\t\t\t\t\t\n\t\t\t\t\t\t<div id=\"collapse-5-141400436369eb554e63f31\" role=\"tabpanel\" aria-labelledby=\"heading-5-141400436369eb554e63f31\" class=\"panel-collapse collapse \">\n\t\t\t\t\t\t\t<div class=\"panel-body\">Diese Versicherung deckt die zus\u00e4tzlichen Kosten, die dem Befrachter aufgrund von Verz\u00f6gerungen infolge von maritimen Gefahren entstehen k\u00f6nnen. Wenn beispielsweise ein Befrachter, der einem Frachtvertrag (C.o.A.) unterliegt, Ersatztonnage chartern muss, weil die urspr\u00fcngliche Charter aufgrund eines gedeckten Risikos nicht fortgesetzt werden kann, kann dies zu erheblichen, zus\u00e4tzlichen Kosten f\u00fcr den Befrachter f\u00fchren. Diese zus\u00e4tzlichen Kosten fallen unter die Befrachter-Interesse-Versicherung.<\/div>\n\t\t\t\t\t\t<\/div>\n\t\t\t\t\t<\/div><\/div><\/div>[\/vc_column][\/vc_row]<\/p>\n","protected":false},"excerpt":{"rendered":"<p>[vc_row][vc_column][vc_column_text] Charterer Post &amp; Co erkannte fr\u00fch die Notwendigkeit einer ausreichenden Deckung f\u00fcr die Haftung von Befrachtern. Seit mehr als 25 Jahren betreiben wir nun unserer Abteilung f\u00fcr Charterer-Haftung mit 100% Lloyd\u2019s-Security. Dieses erstklassige Sicherheit mit der langfristigen Expertise von Post &amp; Co zu kombinieren, f\u00fchrte zu einem Haftpflicht-Paket f\u00fcr Befrachter, das jede Art von [&hellip;]<\/p>\n","protected":false},"author":1,"featured_media":0,"parent":3771,"menu_order":0,"comment_status":"closed","ping_status":"closed","template":"","meta":{"footnotes":""},"class_list":["post-3778","page","type-page","status-publish","hentry"],"_links":{"self":[{"href":"https:\/\/www.post-co.com\/de\/wp-json\/wp\/v2\/pages\/3778","targetHints":{"allow":["GET"]}}],"collection":[{"href":"https:\/\/www.post-co.com\/de\/wp-json\/wp\/v2\/pages"}],"about":[{"href":"https:\/\/www.post-co.com\/de\/wp-json\/wp\/v2\/types\/page"}],"author":[{"embeddable":true,"href":"https:\/\/www.post-co.com\/de\/wp-json\/wp\/v2\/users\/1"}],"replies":[{"embeddable":true,"href":"https:\/\/www.post-co.com\/de\/wp-json\/wp\/v2\/comments?post=3778"}],"version-history":[{"count":4,"href":"https:\/\/www.post-co.com\/de\/wp-json\/wp\/v2\/pages\/3778\/revisions"}],"predecessor-version":[{"id":3935,"href":"https:\/\/www.post-co.com\/de\/wp-json\/wp\/v2\/pages\/3778\/revisions\/3935"}],"up":[{"embeddable":true,"href":"https:\/\/www.post-co.com\/de\/wp-json\/wp\/v2\/pages\/3771"}],"wp:attachment":[{"href":"https:\/\/www.post-co.com\/de\/wp-json\/wp\/v2\/media?parent=3778"}],"curies":[{"name":"wp","href":"https:\/\/api.w.org\/{rel}","templated":true}]}}