{"id":3771,"date":"2017-05-03T14:12:59","date_gmt":"2017-05-03T12:12:59","guid":{"rendered":"http:\/\/www.post-co.com\/?page_id=3771\/"},"modified":"2017-07-27T14:24:12","modified_gmt":"2017-07-27T12:24:12","slug":"branchen","status":"publish","type":"page","link":"https:\/\/www.post-co.com\/de\/branchen\/","title":{"rendered":"Produkte"},"content":{"rendered":"<p>[vc_row][vc_column][vc_column_text]Post &amp; Co bem\u00fcht sich, seinen Kunden die besten Produkte und Dienstleistungen anzubieten, die in der P&amp;I-Industrie verf\u00fcgbar sind. Unser Zugang und die st\u00e4ndige und enge Verbindung zu den verschiedenen Bereichen der maritimen Transportindustrie erm\u00f6glicht es uns, Sie permanent \u00fcber neue Entwicklungen zu informieren.<\/p>\n<p>N\u00e4here Informationen zu einer bestimmten Produktgruppe entnehmen Sie bitte der nachfolgenden Men\u00fcpunkte. Dort finden Sie spartenverbundene Produkte und Dienstleistungen.<\/p>\n<p>F\u00fcr weitere Fragen oder Ausk\u00fcnften stehen wir Ihnen jederzeit gerne zur Verf\u00fcgung.[\/vc_column_text][\/vc_column][\/vc_row][vc_row css=&#8220;.vc_custom_1493380180924{margin-top: 20px !important;}&#8220;][vc_column width=&#8220;1\/4&#8243;]<div class=\"slz_shortcode sc_icon_box icon_box-120124827369e8ffc13f898 \"><div class=\"\"><div class=\"slz-icon-box-1 icon-box-item-1  style-2\"><div class=\"icon-cell\">\n                                <div class=\"wrapper-icon-image\">\n                                    <img decoding=\"async\" src=\"https:\/\/www.post-co.com\/wp-content\/uploads\/2017\/04\/Inland_02.png\" alt=\"\" class=\"slz-icon-img\">\n                                    \n                                <\/div>\n                            <\/div>\n\t\t\t\t\t<div class=\"content-cell\">\n\t\t\t\t\t\t<div class=\"wrapper-info\">\n\t\t\t\t<div class=\"title icon_box_title-1\">Binnenschifffahrt<\/div>\n\t\t\t\t\t\t\t<a href=\"\/de\/branchen\/binnenschifffahrt\/\"   class=\"slz-btn icon-box-button-1\">\n\t\t\t\t\t\t\t\t<span class=\"text\">Mehr lesen<\/span>\n\t\t\t\t\t\t\t\t<span class=\"icons fa fa-angle-double-right\"><\/span>\n\t\t\t\t\t\t\t<\/a>\n\t\t\t\t\t\t\n\t\t\t\t\t\t<\/div>\n\t\t\t\t\t<\/div>\n\t\t\t\t<\/div><\/div><\/div>[\/vc_column][vc_column width=&#8220;1\/4&#8243;]<div class=\"slz_shortcode sc_icon_box icon_box-91570583269e8ffc14055f \"><div class=\"\"><div class=\"slz-icon-box-1 icon-box-item-1  style-2\"><div class=\"icon-cell\">\n                                <div class=\"wrapper-icon-image\">\n                                    <img decoding=\"async\" src=\"https:\/\/www.post-co.com\/wp-content\/uploads\/2017\/04\/Deepsea.png\" alt=\"\" class=\"slz-icon-img\">\n                                    \n                                <\/div>\n                            <\/div>\n\t\t\t\t\t<div class=\"content-cell\">\n\t\t\t\t\t\t<div class=\"wrapper-info\">\n\t\t\t\t<div class=\"title icon_box_title-1\">Tiefsee<\/div>\n\t\t\t\t\t\t\t<a href=\"\/de\/branchen\/tiefsee\/\"   class=\"slz-btn icon-box-button-1\">\n\t\t\t\t\t\t\t\t<span class=\"text\">Mehr lesen<\/span>\n\t\t\t\t\t\t\t\t<span class=\"icons fa fa-angle-double-right\"><\/span>\n\t\t\t\t\t\t\t<\/a>\n\t\t\t\t\t\t\n\t\t\t\t\t\t<\/div>\n\t\t\t\t\t<\/div>\n\t\t\t\t<\/div><\/div><\/div>[\/vc_column][vc_column width=&#8220;1\/4&#8243;]<div class=\"slz_shortcode sc_icon_box icon_box-11689584069e8ffc14113f \"><div class=\"\"><div class=\"slz-icon-box-1 icon-box-item-1  style-2\"><div class=\"icon-cell\">\n                                <div class=\"wrapper-icon-image\">\n                                    <img decoding=\"async\" src=\"https:\/\/www.post-co.com\/wp-content\/uploads\/2017\/04\/Terminals.png\" alt=\"\" class=\"slz-icon-img\">\n                                    \n                                <\/div>\n                            <\/div>\n\t\t\t\t\t<div class=\"content-cell\">\n\t\t\t\t\t\t<div class=\"wrapper-info\">\n\t\t\t\t<div class=\"title icon_box_title-1\">Terminals &amp; Transport<\/div>\n\t\t\t\t\t\t\t<a href=\"\/de\/branchen\/terminals-transport\/\"   class=\"slz-btn icon-box-button-1\">\n\t\t\t\t\t\t\t\t<span class=\"text\">Mehr lesen<\/span>\n\t\t\t\t\t\t\t\t<span class=\"icons fa fa-angle-double-right\"><\/span>\n\t\t\t\t\t\t\t<\/a>\n\t\t\t\t\t\t\n\t\t\t\t\t\t<\/div>\n\t\t\t\t\t<\/div>\n\t\t\t\t<\/div><\/div><\/div>[\/vc_column][vc_column width=&#8220;1\/4&#8243;]<div class=\"slz_shortcode sc_icon_box icon_box-15965501869e8ffc141c33 \"><div class=\"\"><div class=\"slz-icon-box-1 icon-box-item-1  style-2\"><div class=\"icon-cell\">\n                                <div class=\"wrapper-icon-image\">\n                                    <img decoding=\"async\" src=\"https:\/\/www.post-co.com\/wp-content\/uploads\/2017\/04\/Charterers-1.png\" alt=\"\" class=\"slz-icon-img\">\n                                    \n                                <\/div>\n                            <\/div>\n\t\t\t\t\t<div class=\"content-cell\">\n\t\t\t\t\t\t<div class=\"wrapper-info\">\n\t\t\t\t<div class=\"title icon_box_title-1\">Charterer<\/div>\n\t\t\t\t\t\t\t<a href=\"\/de\/branchen\/charterer\/\"   class=\"slz-btn icon-box-button-1\">\n\t\t\t\t\t\t\t\t<span class=\"text\">Mehr lesen<\/span>\n\t\t\t\t\t\t\t\t<span class=\"icons fa fa-angle-double-right\"><\/span>\n\t\t\t\t\t\t\t<\/a>\n\t\t\t\t\t\t\n\t\t\t\t\t\t<\/div>\n\t\t\t\t\t<\/div>\n\t\t\t\t<\/div><\/div><\/div>[\/vc_column][\/vc_row][vc_row css=&#8220;.vc_custom_1493379978410{margin-top: 30px !important;}&#8220;][vc_column width=&#8220;1\/4&#8243;]<div class=\"slz_shortcode sc_icon_box icon_box-99508596869e8ffc1426d9 \"><div class=\"\"><div class=\"slz-icon-box-1 icon-box-item-1  style-2\"><div class=\"icon-cell\">\n                                <div class=\"wrapper-icon-image\">\n                                    <img decoding=\"async\" src=\"https:\/\/www.post-co.com\/wp-content\/uploads\/2017\/04\/Traders.png\" alt=\"\" class=\"slz-icon-img\">\n                                    \n                                <\/div>\n                            <\/div>\n\t\t\t\t\t<div class=\"content-cell\">\n\t\t\t\t\t\t<div class=\"wrapper-info\">\n\t\t\t\t<div class=\"title icon_box_title-1\">Frachteigner\/H\u00e4ndler<\/div>\n\t\t\t\t\t\t\t<a href=\"\/de\/branchen\/handler\/\"   class=\"slz-btn icon-box-button-1\">\n\t\t\t\t\t\t\t\t<span class=\"text\">Mehr lesen<\/span>\n\t\t\t\t\t\t\t\t<span class=\"icons fa fa-angle-double-right\"><\/span>\n\t\t\t\t\t\t\t<\/a>\n\t\t\t\t\t\t\n\t\t\t\t\t\t<\/div>\n\t\t\t\t\t<\/div>\n\t\t\t\t<\/div><\/div><\/div>[\/vc_column][vc_column width=&#8220;1\/4&#8243;]<div class=\"slz_shortcode sc_icon_box icon_box-48013749369e8ffc1430c5 \"><div class=\"\"><div class=\"slz-icon-box-1 icon-box-item-1  style-2\"><div class=\"icon-cell\">\n                                <div class=\"wrapper-icon-image\">\n                                    <img decoding=\"async\" src=\"https:\/\/www.post-co.com\/wp-content\/uploads\/2017\/04\/Fishing.png\" alt=\"\" class=\"slz-icon-img\">\n                                    \n                                <\/div>\n                            <\/div>\n\t\t\t\t\t<div class=\"content-cell\">\n\t\t\t\t\t\t<div class=\"wrapper-info\">\n\t\t\t\t<div class=\"title icon_box_title-1\">Fischerei<\/div>\n\t\t\t\t\t\t\t<a href=\"\/de\/branchen\/fischerei\/\"   class=\"slz-btn icon-box-button-1\">\n\t\t\t\t\t\t\t\t<span class=\"text\">Mehr lesen<\/span>\n\t\t\t\t\t\t\t\t<span class=\"icons fa fa-angle-double-right\"><\/span>\n\t\t\t\t\t\t\t<\/a>\n\t\t\t\t\t\t\n\t\t\t\t\t\t<\/div>\n\t\t\t\t\t<\/div>\n\t\t\t\t<\/div><\/div><\/div>[\/vc_column][vc_column width=&#8220;1\/4&#8243;]<div class=\"slz_shortcode sc_icon_box icon_box-58349603969e8ffc143b3f \"><div class=\"\"><div class=\"slz-icon-box-1 icon-box-item-1  style-2\"><div class=\"icon-cell\">\n                                <div class=\"wrapper-icon-image\">\n                                    <img decoding=\"async\" src=\"https:\/\/www.post-co.com\/wp-content\/uploads\/2017\/04\/Offshore-1.png\" alt=\"\" class=\"slz-icon-img\">\n                                    \n                                <\/div>\n                            <\/div>\n\t\t\t\t\t<div class=\"content-cell\">\n\t\t\t\t\t\t<div class=\"wrapper-info\">\n\t\t\t\t<div class=\"title icon_box_title-1\">Offshore<\/div>\n\t\t\t\t\t\t\t<a href=\"\/de\/branchen\/offshore\/\"   class=\"slz-btn icon-box-button-1\">\n\t\t\t\t\t\t\t\t<span class=\"text\">Mehr lesen<\/span>\n\t\t\t\t\t\t\t\t<span class=\"icons fa fa-angle-double-right\"><\/span>\n\t\t\t\t\t\t\t<\/a>\n\t\t\t\t\t\t\n\t\t\t\t\t\t<\/div>\n\t\t\t\t\t<\/div>\n\t\t\t\t<\/div><\/div><\/div>[\/vc_column][vc_column width=&#8220;1\/4&#8243;]<div class=\"slz_shortcode sc_icon_box icon_box-174611133969e8ffc144415 \"><div class=\"\"><div class=\"slz-icon-box-1 icon-box-item-1  style-2\"><div class=\"icon-cell\">\n                                <div class=\"wrapper-icon-image\">\n                                    <img decoding=\"async\" src=\"https:\/\/www.post-co.com\/wp-content\/uploads\/2017\/04\/yachts.png\" alt=\"\" class=\"slz-icon-img\">\n                                    \n                                <\/div>\n                            <\/div>\n\t\t\t\t\t<div class=\"content-cell\">\n\t\t\t\t\t\t<div class=\"wrapper-info\">\n\t\t\t\t<div class=\"title icon_box_title-1\">Yachten<\/div>\n\t\t\t\t\t\t\t<a href=\"\/de\/branchen\/yachten\/\"   class=\"slz-btn icon-box-button-1\">\n\t\t\t\t\t\t\t\t<span class=\"text\">Mehr lesen<\/span>\n\t\t\t\t\t\t\t\t<span class=\"icons fa fa-angle-double-right\"><\/span>\n\t\t\t\t\t\t\t<\/a>\n\t\t\t\t\t\t\n\t\t\t\t\t\t<\/div>\n\t\t\t\t\t<\/div>\n\t\t\t\t<\/div><\/div><\/div>[\/vc_column][\/vc_row][vc_row css=&#8220;.vc_custom_1493379978410{margin-top: 30px !important;}&#8220;][vc_column width=&#8220;1\/4&#8243;]<div class=\"slz_shortcode sc_icon_box icon_box-134491508869e8ffc144e0e \"><div class=\"\"><div class=\"slz-icon-box-1 icon-box-item-1  style-2\"><div class=\"icon-cell\">\n                                <div class=\"wrapper-icon-image\">\n                                    <img decoding=\"async\" src=\"https:\/\/www.post-co.com\/wp-content\/uploads\/2017\/07\/herverzekering.png\" alt=\"\" class=\"slz-icon-img\">\n                                    \n                                <\/div>\n                            <\/div>\n\t\t\t\t\t<div class=\"content-cell\">\n\t\t\t\t\t\t<div class=\"wrapper-info\">\n\t\t\t\t<div class=\"title icon_box_title-1\">R\u00fcckversicherung<\/div>\n\t\t\t\t\t\t\t<a href=\"http:\/\/www.post-co.com\/de\/branchen\/ruckversicherung\/\"   class=\"slz-btn icon-box-button-1\">\n\t\t\t\t\t\t\t\t<span class=\"text\">Mehr lesen<\/span>\n\t\t\t\t\t\t\t\t<span class=\"icons fa fa-angle-double-right\"><\/span>\n\t\t\t\t\t\t\t<\/a>\n\t\t\t\t\t\t\n\t\t\t\t\t\t<\/div>\n\t\t\t\t\t<\/div>\n\t\t\t\t<\/div><\/div><\/div>[\/vc_column][vc_column width=&#8220;1\/4&#8243;][\/vc_column][vc_column width=&#8220;1\/4&#8243;][\/vc_column][vc_column width=&#8220;1\/4&#8243;][\/vc_column][\/vc_row]<\/p>\n","protected":false},"excerpt":{"rendered":"<p>[vc_row][vc_column][vc_column_text]Post &amp; Co bem\u00fcht sich, seinen Kunden die besten Produkte und Dienstleistungen anzubieten, die in der P&amp;I-Industrie verf\u00fcgbar sind. Unser Zugang und die st\u00e4ndige und enge Verbindung zu den verschiedenen Bereichen der maritimen Transportindustrie erm\u00f6glicht es uns, Sie permanent \u00fcber neue Entwicklungen zu informieren. N\u00e4here Informationen zu einer bestimmten Produktgruppe entnehmen Sie bitte der nachfolgenden [&hellip;]<\/p>\n","protected":false},"author":1,"featured_media":0,"parent":0,"menu_order":0,"comment_status":"closed","ping_status":"closed","template":"","meta":{"footnotes":""},"class_list":["post-3771","page","type-page","status-publish","hentry"],"_links":{"self":[{"href":"https:\/\/www.post-co.com\/de\/wp-json\/wp\/v2\/pages\/3771","targetHints":{"allow":["GET"]}}],"collection":[{"href":"https:\/\/www.post-co.com\/de\/wp-json\/wp\/v2\/pages"}],"about":[{"href":"https:\/\/www.post-co.com\/de\/wp-json\/wp\/v2\/types\/page"}],"author":[{"embeddable":true,"href":"https:\/\/www.post-co.com\/de\/wp-json\/wp\/v2\/users\/1"}],"replies":[{"embeddable":true,"href":"https:\/\/www.post-co.com\/de\/wp-json\/wp\/v2\/comments?post=3771"}],"version-history":[{"count":9,"href":"https:\/\/www.post-co.com\/de\/wp-json\/wp\/v2\/pages\/3771\/revisions"}],"predecessor-version":[{"id":4184,"href":"https:\/\/www.post-co.com\/de\/wp-json\/wp\/v2\/pages\/3771\/revisions\/4184"}],"wp:attachment":[{"href":"https:\/\/www.post-co.com\/de\/wp-json\/wp\/v2\/media?parent=3771"}],"curies":[{"name":"wp","href":"https:\/\/api.w.org\/{rel}","templated":true}]}}